{"id":899,"date":"2020-01-18T04:30:54","date_gmt":"2020-01-18T03:30:54","guid":{"rendered":"http:\/\/finkehorns.de\/?page_id=899"},"modified":"2024-09-09T13:18:57","modified_gmt":"2024-09-09T11:18:57","slug":"preisliste-extras","status":"publish","type":"page","link":"https:\/\/finkehorns.de\/en\/metallblasinstrumente-von-finke-horns\/preise\/preisliste-extras\/","title":{"rendered":"Pricelist Accessories"},"content":{"rendered":"<div data-elementor-type=\"wp-page\" data-elementor-id=\"899\" class=\"elementor elementor-899\" data-elementor-post-type=\"page\">\n\t\t\t\t\t\t<section class=\"elementor-section elementor-top-section elementor-element elementor-element-ca3097a elementor-section-height-min-height elementor-section-boxed elementor-section-height-default elementor-section-items-middle\" data-id=\"ca3097a\" data-element_type=\"section\" data-settings=\"{&quot;background_background&quot;:&quot;classic&quot;}\">\n\t\t\t\t\t\t\t<div class=\"elementor-background-overlay\"><\/div>\n\t\t\t\t\t\t\t<div class=\"elementor-container elementor-column-gap-default\">\n\t\t\t\t\t<div class=\"elementor-column elementor-col-50 elementor-top-column elementor-element elementor-element-ec78b8f\" data-id=\"ec78b8f\" data-element_type=\"column\">\n\t\t\t<div class=\"elementor-widget-wrap elementor-element-populated\">\n\t\t\t\t\t\t<div class=\"elementor-element elementor-element-153dae8 animated-slow elementor-widget elementor-widget-image\" data-id=\"153dae8\" data-element_type=\"widget\" data-settings=\"{&quot;_animation&quot;:&quot;none&quot;,&quot;_animation_delay&quot;:200}\" data-widget_type=\"image.default\">\n\t\t\t\t<div class=\"elementor-widget-container\">\n\t\t\t\t\t\t\t\t\t\t\t\t\t\t<a href=\"https:\/\/finkehorns.de\/en\/\">\n\t\t\t\t\t\t\t<img decoding=\"async\" src=\"https:\/\/finkehorns.de\/wp-content\/uploads\/2021\/04\/Finkehorn-logo-Finkehorns-Metallblasinstrumente-01042021.png\" title=\"Finkehorn-logo-Finkehorns-Metallblasinstrumente-01042021\" alt=\"Finkehorn-logo-Finkehorns-Metallblasinstrumente-01042021\" loading=\"lazy\" \/>\t\t\t\t\t\t\t\t<\/a>\n\t\t\t\t\t\t\t\t\t\t\t\t\t<\/div>\n\t\t\t\t<\/div>\n\t\t\t\t\t<\/div>\n\t\t<\/div>\n\t\t\t\t<div class=\"elementor-column elementor-col-50 elementor-top-column elementor-element elementor-element-1d90ba2\" data-id=\"1d90ba2\" data-element_type=\"column\">\n\t\t\t<div class=\"elementor-widget-wrap elementor-element-populated\">\n\t\t\t\t\t\t<div class=\"elementor-element elementor-element-84f4d46 animated-slow elementor-widget elementor-widget-heading\" data-id=\"84f4d46\" data-element_type=\"widget\" data-settings=\"{&quot;_animation&quot;:&quot;none&quot;,&quot;_animation_delay&quot;:200}\" data-widget_type=\"heading.default\">\n\t\t\t\t<div class=\"elementor-widget-container\">\n\t\t\t<h1 class=\"elementor-heading-title elementor-size-default\">Pricelist Accessories<\/h1>\t\t<\/div>\n\t\t\t\t<\/div>\n\t\t\t\t<div class=\"elementor-element elementor-element-b64f7c6 elementor-widget__width-auto elementor-absolute elementor-widget elementor-widget-menu-anchor\" data-id=\"b64f7c6\" data-element_type=\"widget\" data-settings=\"{&quot;_position&quot;:&quot;absolute&quot;}\" data-widget_type=\"menu-anchor.default\">\n\t\t\t\t<div class=\"elementor-widget-container\">\n\t\t\t\t\t<div class=\"elementor-menu-anchor\" id=\"home\"><\/div>\n\t\t\t\t<\/div>\n\t\t\t\t<\/div>\n\t\t\t\t<div class=\"elementor-element elementor-element-59bcf12 animated-slow elementor-widget-divider--view-line elementor-widget elementor-widget-divider\" data-id=\"59bcf12\" data-element_type=\"widget\" data-settings=\"{&quot;_animation&quot;:&quot;none&quot;,&quot;_animation_delay&quot;:400}\" data-widget_type=\"divider.default\">\n\t\t\t\t<div class=\"elementor-widget-container\">\n\t\t\t\t\t<div class=\"elementor-divider\">\n\t\t\t<span class=\"elementor-divider-separator\">\n\t\t\t\t\t\t<\/span>\n\t\t<\/div>\n\t\t\t\t<\/div>\n\t\t\t\t<\/div>\n\t\t\t\t\t<\/div>\n\t\t<\/div>\n\t\t\t\t\t<\/div>\n\t\t<\/section>\n\t\t\t\t<section class=\"elementor-section elementor-top-section elementor-element elementor-element-8704d5e elementor-section-boxed elementor-section-height-default elementor-section-height-default\" data-id=\"8704d5e\" data-element_type=\"section\" data-settings=\"{&quot;background_background&quot;:&quot;classic&quot;}\">\n\t\t\t\t\t\t<div class=\"elementor-container elementor-column-gap-default\">\n\t\t\t\t\t<div class=\"elementor-column elementor-col-100 elementor-top-column elementor-element elementor-element-e1f5fa9\" data-id=\"e1f5fa9\" data-element_type=\"column\">\n\t\t\t<div class=\"elementor-widget-wrap elementor-element-populated\">\n\t\t\t\t\t\t<div class=\"elementor-element elementor-element-6b63eac elementor-widget elementor-widget-spacer\" data-id=\"6b63eac\" data-element_type=\"widget\" data-widget_type=\"spacer.default\">\n\t\t\t\t<div class=\"elementor-widget-container\">\n\t\t\t\t\t<div class=\"elementor-spacer\">\n\t\t\t<div class=\"elementor-spacer-inner\"><\/div>\n\t\t<\/div>\n\t\t\t\t<\/div>\n\t\t\t\t<\/div>\n\t\t\t\t\t<\/div>\n\t\t<\/div>\n\t\t\t\t\t<\/div>\n\t\t<\/section>\n\t\t\t\t<section class=\"elementor-section elementor-top-section elementor-element elementor-element-f1d3465 elementor-section-boxed elementor-section-height-default elementor-section-height-default\" data-id=\"f1d3465\" data-element_type=\"section\" data-settings=\"{&quot;background_background&quot;:&quot;classic&quot;}\">\n\t\t\t\t\t\t<div class=\"elementor-container elementor-column-gap-default\">\n\t\t\t\t\t<div class=\"elementor-column elementor-col-100 elementor-top-column elementor-element elementor-element-da82d7d\" data-id=\"da82d7d\" data-element_type=\"column\">\n\t\t\t<div class=\"elementor-widget-wrap elementor-element-populated\">\n\t\t\t\t\t\t<div class=\"elementor-element elementor-element-eeb9a38 elementor-widget elementor-widget-text-editor\" data-id=\"eeb9a38\" data-element_type=\"widget\" data-widget_type=\"text-editor.default\">\n\t\t\t\t<div class=\"elementor-widget-container\">\n\t\t\t\t\t\t\t<p>Here will be inserted shortly a current price list with all our extras<\/p>\t\t\t\t\t\t<\/div>\n\t\t\t\t<\/div>\n\t\t\t\t<div class=\"elementor-element elementor-element-960e6f4 elementor-widget-divider--view-line elementor-widget elementor-widget-divider\" data-id=\"960e6f4\" data-element_type=\"widget\" data-widget_type=\"divider.default\">\n\t\t\t\t<div class=\"elementor-widget-container\">\n\t\t\t\t\t<div class=\"elementor-divider\">\n\t\t\t<span class=\"elementor-divider-separator\">\n\t\t\t\t\t\t<\/span>\n\t\t<\/div>\n\t\t\t\t<\/div>\n\t\t\t\t<\/div>\n\t\t\t\t<div class=\"elementor-element elementor-element-6fb526f elementor-widget elementor-widget-text-editor\" data-id=\"6fb526f\" data-element_type=\"widget\" data-widget_type=\"text-editor.default\">\n\t\t\t\t<div class=\"elementor-widget-container\">\n\t\t\t\t\t\t\t<p>Please feel free to have a look at our <a href=\"\/en\/produkte\/\">Horns<\/a> and convince yourself of our quality. Or learn more about our services around your instrument!<\/p>\t\t\t\t\t\t<\/div>\n\t\t\t\t<\/div>\n\t\t\t\t<section class=\"elementor-section elementor-inner-section elementor-element elementor-element-fec922d elementor-section-boxed elementor-section-height-default elementor-section-height-default\" data-id=\"fec922d\" data-element_type=\"section\">\n\t\t\t\t\t\t<div class=\"elementor-container elementor-column-gap-default\">\n\t\t\t\t\t<div class=\"elementor-column elementor-col-50 elementor-inner-column elementor-element elementor-element-cfc4136\" data-id=\"cfc4136\" data-element_type=\"column\">\n\t\t\t<div class=\"elementor-widget-wrap elementor-element-populated\">\n\t\t\t\t\t\t<div class=\"elementor-element elementor-element-62a360f elementor-align-right elementor-widget elementor-widget-button\" data-id=\"62a360f\" data-element_type=\"widget\" data-widget_type=\"button.default\">\n\t\t\t\t<div class=\"elementor-widget-container\">\n\t\t\t\t\t<div class=\"elementor-button-wrapper\">\n\t\t\t<a class=\"elementor-button elementor-button-link elementor-size-sm\" href=\"\/en\/produkte\/\">\n\t\t\t\t\t\t<span class=\"elementor-button-content-wrapper\">\n\t\t\t\t\t\t\t\t\t<span class=\"elementor-button-text\">Products<\/span>\n\t\t\t\t\t<\/span>\n\t\t\t\t\t<\/a>\n\t\t<\/div>\n\t\t\t\t<\/div>\n\t\t\t\t<\/div>\n\t\t\t\t\t<\/div>\n\t\t<\/div>\n\t\t\t\t<div class=\"elementor-column elementor-col-50 elementor-inner-column elementor-element elementor-element-2208482\" data-id=\"2208482\" data-element_type=\"column\">\n\t\t\t<div class=\"elementor-widget-wrap elementor-element-populated\">\n\t\t\t\t\t\t<div class=\"elementor-element elementor-element-e06c51c elementor-align-left elementor-widget elementor-widget-button\" data-id=\"e06c51c\" data-element_type=\"widget\" data-widget_type=\"button.default\">\n\t\t\t\t<div class=\"elementor-widget-container\">\n\t\t\t\t\t<div class=\"elementor-button-wrapper\">\n\t\t\t<a class=\"elementor-button elementor-button-link elementor-size-sm\" href=\"\/en\/service\/\">\n\t\t\t\t\t\t<span class=\"elementor-button-content-wrapper\">\n\t\t\t\t\t\t\t\t\t<span class=\"elementor-button-text\">Service<\/span>\n\t\t\t\t\t<\/span>\n\t\t\t\t\t<\/a>\n\t\t<\/div>\n\t\t\t\t<\/div>\n\t\t\t\t<\/div>\n\t\t\t\t\t<\/div>\n\t\t<\/div>\n\t\t\t\t\t<\/div>\n\t\t<\/section>\n\t\t\t\t\t<\/div>\n\t\t<\/div>\n\t\t\t\t\t<\/div>\n\t\t<\/section>\n\t\t\t\t<section class=\"elementor-section elementor-top-section elementor-element elementor-element-2f49ef2 elementor-section-boxed elementor-section-height-default elementor-section-height-default\" data-id=\"2f49ef2\" data-element_type=\"section\" data-settings=\"{&quot;background_background&quot;:&quot;classic&quot;}\">\n\t\t\t\t\t\t<div class=\"elementor-container elementor-column-gap-default\">\n\t\t\t\t\t<div class=\"elementor-column elementor-col-100 elementor-top-column elementor-element elementor-element-7168462\" data-id=\"7168462\" data-element_type=\"column\">\n\t\t\t<div class=\"elementor-widget-wrap elementor-element-populated\">\n\t\t\t\t\t\t<div class=\"elementor-element elementor-element-1b20188 elementor-widget elementor-widget-spacer\" data-id=\"1b20188\" data-element_type=\"widget\" data-widget_type=\"spacer.default\">\n\t\t\t\t<div class=\"elementor-widget-container\">\n\t\t\t\t\t<div class=\"elementor-spacer\">\n\t\t\t<div class=\"elementor-spacer-inner\"><\/div>\n\t\t<\/div>\n\t\t\t\t<\/div>\n\t\t\t\t<\/div>\n\t\t\t\t\t<\/div>\n\t\t<\/div>\n\t\t\t\t\t<\/div>\n\t\t<\/section>\n\t\t\t\t<\/div>","protected":false},"excerpt":{"rendered":"<p>Preisliste Extras Hier wird in k\u00fcrze eine Aktuelle Preisliste mit allen unseren Extras eingef\u00fcgt werden Schauen Sie sich doch gerne mal bei unseren H\u00f6rnern vorbei und \u00fcberzeugen Sie sich von unserer Qualit\u00e4t. Oder erfahren Sie mehr von unseren Serviceleistungen rund um Ihr Instrument! Produkte Service<\/p>","protected":false},"author":1,"featured_media":0,"parent":1041,"menu_order":0,"comment_status":"closed","ping_status":"closed","template":"","meta":{"_monsterinsights_skip_tracking":false,"_monsterinsights_sitenote_active":false,"_monsterinsights_sitenote_note":"","_monsterinsights_sitenote_category":0,"footnotes":""},"yoast_head":"<!-- This site is optimized with the Yoast SEO plugin v20.13 - https:\/\/yoast.com\/wordpress\/plugins\/seo\/ -->\n<title>Preisliste Extras f\u00fcr Finke Horns Instrumente<\/title>\n<meta name=\"description\" content=\"Erfahren Sie mehr \u00fcber die fairen Preise in der Preisliste f\u00fcr Extras. Aktuellste Preise in der Preisliste Extras.\" \/>\n<meta name=\"robots\" content=\"index, follow, max-snippet:-1, max-image-preview:large, max-video-preview:-1\" \/>\n<link rel=\"canonical\" href=\"https:\/\/finkehorns.de\/en\/metallblasinstrumente-von-finke-horns\/preise\/preisliste-extras\/\" \/>\n<meta property=\"og:locale\" content=\"en_US\" \/>\n<meta property=\"og:type\" content=\"article\" \/>\n<meta property=\"og:title\" content=\"Preisliste Extras f\u00fcr Finke Horns Instrumente\" \/>\n<meta property=\"og:description\" content=\"Erfahren Sie mehr \u00fcber die fairen Preise in der Preisliste f\u00fcr Extras. Aktuellste Preise in der Preisliste Extras.\" \/>\n<meta property=\"og:url\" content=\"https:\/\/finkehorns.de\/en\/metallblasinstrumente-von-finke-horns\/preise\/preisliste-extras\/\" \/>\n<meta property=\"og:site_name\" content=\"finkehorns.de\" \/>\n<meta property=\"article:modified_time\" content=\"2024-09-09T11:18:57+00:00\" \/>\n<meta property=\"og:image\" content=\"http:\/\/finkehorns.de\/wp-content\/uploads\/elementor\/thumbs\/Finkehorn-logo-Finkehorns-Metallblasinstrumente-01042021-phuct7wqa2bdyfjgyb5niwl15bdifxu7nm3he27too.png\" \/>\n<meta name=\"twitter:card\" content=\"summary_large_image\" \/>\n<meta name=\"twitter:label1\" content=\"Est. reading time\" \/>\n\t<meta name=\"twitter:data1\" content=\"1 minute\" \/>\n<script type=\"application\/ld+json\" class=\"yoast-schema-graph\">{\"@context\":\"https:\/\/schema.org\",\"@graph\":[{\"@type\":\"WebPage\",\"@id\":\"https:\/\/finkehorns.de\/metallblasinstrumente-von-finke-horns\/preise\/preisliste-extras\/\",\"url\":\"https:\/\/finkehorns.de\/metallblasinstrumente-von-finke-horns\/preise\/preisliste-extras\/\",\"name\":\"Preisliste Extras f\u00fcr Finke Horns Instrumente\",\"isPartOf\":{\"@id\":\"https:\/\/finkehorns.de\/#website\"},\"datePublished\":\"2020-01-18T03:30:54+00:00\",\"dateModified\":\"2024-09-09T11:18:57+00:00\",\"description\":\"Erfahren Sie mehr \u00fcber die fairen Preise in der Preisliste f\u00fcr Extras. Aktuellste Preise in der Preisliste Extras.\",\"breadcrumb\":{\"@id\":\"https:\/\/finkehorns.de\/metallblasinstrumente-von-finke-horns\/preise\/preisliste-extras\/#breadcrumb\"},\"inLanguage\":\"en-US\",\"potentialAction\":[{\"@type\":\"ReadAction\",\"target\":[\"https:\/\/finkehorns.de\/metallblasinstrumente-von-finke-horns\/preise\/preisliste-extras\/\"]}]},{\"@type\":\"BreadcrumbList\",\"@id\":\"https:\/\/finkehorns.de\/metallblasinstrumente-von-finke-horns\/preise\/preisliste-extras\/#breadcrumb\",\"itemListElement\":[{\"@type\":\"ListItem\",\"position\":1,\"name\":\"Startseite\",\"item\":\"https:\/\/finkehorns.de\/\"},{\"@type\":\"ListItem\",\"position\":2,\"name\":\"Startseite\",\"item\":\"https:\/\/finkehorns.de\/\"},{\"@type\":\"ListItem\",\"position\":3,\"name\":\"Preise\",\"item\":\"https:\/\/finkehorns.de\/metallblasinstrumente-von-finke-horns\/preise\/\"},{\"@type\":\"ListItem\",\"position\":4,\"name\":\"Preisliste Extras\"}]},{\"@type\":\"WebSite\",\"@id\":\"https:\/\/finkehorns.de\/#website\",\"url\":\"https:\/\/finkehorns.de\/\",\"name\":\"finkehorns.de\",\"description\":\"Tradition with Progress\",\"publisher\":{\"@id\":\"https:\/\/finkehorns.de\/#organization\"},\"potentialAction\":[{\"@type\":\"SearchAction\",\"target\":{\"@type\":\"EntryPoint\",\"urlTemplate\":\"https:\/\/finkehorns.de\/?s={search_term_string}\"},\"query-input\":\"required name=search_term_string\"}],\"inLanguage\":\"en-US\"},{\"@type\":\"Organization\",\"@id\":\"https:\/\/finkehorns.de\/#organization\",\"name\":\"finkehorns.de\",\"url\":\"https:\/\/finkehorns.de\/\",\"logo\":{\"@type\":\"ImageObject\",\"inLanguage\":\"en-US\",\"@id\":\"https:\/\/finkehorns.de\/#\/schema\/logo\/image\/\",\"url\":\"https:\/\/finkehorns.de\/wp-content\/uploads\/2021\/04\/Finkehorn-logo-Finkehorns-Metallblasinstrumente-01042021.png\",\"contentUrl\":\"https:\/\/finkehorns.de\/wp-content\/uploads\/2021\/04\/Finkehorn-logo-Finkehorns-Metallblasinstrumente-01042021.png\",\"width\":4000,\"height\":4000,\"caption\":\"finkehorns.de\"},\"image\":{\"@id\":\"https:\/\/finkehorns.de\/#\/schema\/logo\/image\/\"}}]}<\/script>\n<!-- \/ Yoast SEO plugin. -->","yoast_head_json":{"title":"Preisliste Extras f\u00fcr Finke Horns Instrumente","description":"Erfahren Sie mehr \u00fcber die fairen Preise in der Preisliste f\u00fcr Extras. Aktuellste Preise in der Preisliste Extras.","robots":{"index":"index","follow":"follow","max-snippet":"max-snippet:-1","max-image-preview":"max-image-preview:large","max-video-preview":"max-video-preview:-1"},"canonical":"https:\/\/finkehorns.de\/en\/metallblasinstrumente-von-finke-horns\/preise\/preisliste-extras\/","og_locale":"en_US","og_type":"article","og_title":"Preisliste Extras f\u00fcr Finke Horns Instrumente","og_description":"Erfahren Sie mehr \u00fcber die fairen Preise in der Preisliste f\u00fcr Extras. Aktuellste Preise in der Preisliste Extras.","og_url":"https:\/\/finkehorns.de\/en\/metallblasinstrumente-von-finke-horns\/preise\/preisliste-extras\/","og_site_name":"finkehorns.de","article_modified_time":"2024-09-09T11:18:57+00:00","og_image":[{"url":"http:\/\/finkehorns.de\/wp-content\/uploads\/elementor\/thumbs\/Finkehorn-logo-Finkehorns-Metallblasinstrumente-01042021-phuct7wqa2bdyfjgyb5niwl15bdifxu7nm3he27too.png"}],"twitter_card":"summary_large_image","twitter_misc":{"Est. reading time":"1 minute"},"schema":{"@context":"https:\/\/schema.org","@graph":[{"@type":"WebPage","@id":"https:\/\/finkehorns.de\/metallblasinstrumente-von-finke-horns\/preise\/preisliste-extras\/","url":"https:\/\/finkehorns.de\/metallblasinstrumente-von-finke-horns\/preise\/preisliste-extras\/","name":"Preisliste Extras f\u00fcr Finke Horns Instrumente","isPartOf":{"@id":"https:\/\/finkehorns.de\/#website"},"datePublished":"2020-01-18T03:30:54+00:00","dateModified":"2024-09-09T11:18:57+00:00","description":"Erfahren Sie mehr \u00fcber die fairen Preise in der Preisliste f\u00fcr Extras. Aktuellste Preise in der Preisliste Extras.","breadcrumb":{"@id":"https:\/\/finkehorns.de\/metallblasinstrumente-von-finke-horns\/preise\/preisliste-extras\/#breadcrumb"},"inLanguage":"en-US","potentialAction":[{"@type":"ReadAction","target":["https:\/\/finkehorns.de\/metallblasinstrumente-von-finke-horns\/preise\/preisliste-extras\/"]}]},{"@type":"BreadcrumbList","@id":"https:\/\/finkehorns.de\/metallblasinstrumente-von-finke-horns\/preise\/preisliste-extras\/#breadcrumb","itemListElement":[{"@type":"ListItem","position":1,"name":"Startseite","item":"https:\/\/finkehorns.de\/"},{"@type":"ListItem","position":2,"name":"Startseite","item":"https:\/\/finkehorns.de\/"},{"@type":"ListItem","position":3,"name":"Preise","item":"https:\/\/finkehorns.de\/metallblasinstrumente-von-finke-horns\/preise\/"},{"@type":"ListItem","position":4,"name":"Preisliste Extras"}]},{"@type":"WebSite","@id":"https:\/\/finkehorns.de\/#website","url":"https:\/\/finkehorns.de\/","name":"finkehorns.de","description":"Tradition with Progress","publisher":{"@id":"https:\/\/finkehorns.de\/#organization"},"potentialAction":[{"@type":"SearchAction","target":{"@type":"EntryPoint","urlTemplate":"https:\/\/finkehorns.de\/?s={search_term_string}"},"query-input":"required name=search_term_string"}],"inLanguage":"en-US"},{"@type":"Organization","@id":"https:\/\/finkehorns.de\/#organization","name":"finkehorns.de","url":"https:\/\/finkehorns.de\/","logo":{"@type":"ImageObject","inLanguage":"en-US","@id":"https:\/\/finkehorns.de\/#\/schema\/logo\/image\/","url":"https:\/\/finkehorns.de\/wp-content\/uploads\/2021\/04\/Finkehorn-logo-Finkehorns-Metallblasinstrumente-01042021.png","contentUrl":"https:\/\/finkehorns.de\/wp-content\/uploads\/2021\/04\/Finkehorn-logo-Finkehorns-Metallblasinstrumente-01042021.png","width":4000,"height":4000,"caption":"finkehorns.de"},"image":{"@id":"https:\/\/finkehorns.de\/#\/schema\/logo\/image\/"}}]}},"_links":{"self":[{"href":"https:\/\/finkehorns.de\/en\/wp-json\/wp\/v2\/pages\/899"}],"collection":[{"href":"https:\/\/finkehorns.de\/en\/wp-json\/wp\/v2\/pages"}],"about":[{"href":"https:\/\/finkehorns.de\/en\/wp-json\/wp\/v2\/types\/page"}],"author":[{"embeddable":true,"href":"https:\/\/finkehorns.de\/en\/wp-json\/wp\/v2\/users\/1"}],"replies":[{"embeddable":true,"href":"https:\/\/finkehorns.de\/en\/wp-json\/wp\/v2\/comments?post=899"}],"version-history":[{"count":10,"href":"https:\/\/finkehorns.de\/en\/wp-json\/wp\/v2\/pages\/899\/revisions"}],"predecessor-version":[{"id":7277,"href":"https:\/\/finkehorns.de\/en\/wp-json\/wp\/v2\/pages\/899\/revisions\/7277"}],"up":[{"embeddable":true,"href":"https:\/\/finkehorns.de\/en\/wp-json\/wp\/v2\/pages\/1041"}],"wp:attachment":[{"href":"https:\/\/finkehorns.de\/en\/wp-json\/wp\/v2\/media?parent=899"}],"curies":[{"name":"wp","href":"https:\/\/api.w.org\/{rel}","templated":true}]}}