{"id":377,"date":"2020-01-17T16:57:46","date_gmt":"2020-01-17T15:57:46","guid":{"rendered":"http:\/\/finkehorns.de\/?page_id=377"},"modified":"2025-06-30T01:26:02","modified_gmt":"2025-06-29T23:26:02","slug":"preisliste-waldhoerner","status":"publish","type":"page","link":"https:\/\/finkehorns.de\/en\/metallblasinstrumente-von-finke-horns\/preise\/preisliste-waldhoerner\/","title":{"rendered":"Price list horns"},"content":{"rendered":"<div data-elementor-type=\"wp-page\" data-elementor-id=\"377\" class=\"elementor elementor-377\" data-elementor-post-type=\"page\">\n\t\t\t\t\t\t<section class=\"elementor-section elementor-top-section elementor-element elementor-element-7caa297a elementor-section-height-min-height elementor-section-boxed elementor-section-height-default elementor-section-items-middle\" data-id=\"7caa297a\" data-element_type=\"section\" data-settings=\"{&quot;background_background&quot;:&quot;classic&quot;}\">\n\t\t\t\t\t\t\t<div class=\"elementor-background-overlay\"><\/div>\n\t\t\t\t\t\t\t<div class=\"elementor-container elementor-column-gap-default\">\n\t\t\t\t\t<div class=\"elementor-column elementor-col-50 elementor-top-column elementor-element elementor-element-e0bf965\" data-id=\"e0bf965\" data-element_type=\"column\">\n\t\t\t<div class=\"elementor-widget-wrap elementor-element-populated\">\n\t\t\t\t\t\t<div class=\"elementor-element elementor-element-ed535ac animated-slow elementor-widget elementor-widget-image\" data-id=\"ed535ac\" data-element_type=\"widget\" data-settings=\"{&quot;_animation&quot;:&quot;none&quot;,&quot;_animation_delay&quot;:200}\" data-widget_type=\"image.default\">\n\t\t\t\t<div class=\"elementor-widget-container\">\n\t\t\t\t\t\t\t\t\t\t\t\t\t\t<a href=\"https:\/\/finkehorns.de\/en\/\">\n\t\t\t\t\t\t\t<img decoding=\"async\" src=\"https:\/\/finkehorns.de\/wp-content\/uploads\/2021\/04\/Finkehorn-logo-Finkehorns-Metallblasinstrumente-01042021.png\" title=\"Finkehorn-logo-Finkehorns-Metallblasinstrumente-01042021\" alt=\"Finkehorn-logo-Finkehorns-Metallblasinstrumente-01042021\" loading=\"lazy\" \/>\t\t\t\t\t\t\t\t<\/a>\n\t\t\t\t\t\t\t\t\t\t\t\t\t<\/div>\n\t\t\t\t<\/div>\n\t\t\t\t\t<\/div>\n\t\t<\/div>\n\t\t\t\t<div class=\"elementor-column elementor-col-50 elementor-top-column elementor-element elementor-element-564e3aeb\" data-id=\"564e3aeb\" data-element_type=\"column\">\n\t\t\t<div class=\"elementor-widget-wrap elementor-element-populated\">\n\t\t\t\t\t\t<div class=\"elementor-element elementor-element-43908c70 animated-slow elementor-widget elementor-widget-heading\" data-id=\"43908c70\" data-element_type=\"widget\" data-settings=\"{&quot;_animation&quot;:&quot;none&quot;,&quot;_animation_delay&quot;:200}\" data-widget_type=\"heading.default\">\n\t\t\t\t<div class=\"elementor-widget-container\">\n\t\t\t<h1 class=\"elementor-heading-title elementor-size-default\">Price list horns<\/h1>\t\t<\/div>\n\t\t\t\t<\/div>\n\t\t\t\t<div class=\"elementor-element elementor-element-fcbad12 elementor-widget__width-auto elementor-absolute elementor-widget elementor-widget-menu-anchor\" data-id=\"fcbad12\" data-element_type=\"widget\" data-settings=\"{&quot;_position&quot;:&quot;absolute&quot;}\" data-widget_type=\"menu-anchor.default\">\n\t\t\t\t<div class=\"elementor-widget-container\">\n\t\t\t\t\t<div class=\"elementor-menu-anchor\" id=\"home\"><\/div>\n\t\t\t\t<\/div>\n\t\t\t\t<\/div>\n\t\t\t\t<div class=\"elementor-element elementor-element-49f5b0f9 animated-slow elementor-widget-divider--view-line elementor-widget elementor-widget-divider\" data-id=\"49f5b0f9\" data-element_type=\"widget\" data-settings=\"{&quot;_animation&quot;:&quot;none&quot;,&quot;_animation_delay&quot;:400}\" data-widget_type=\"divider.default\">\n\t\t\t\t<div class=\"elementor-widget-container\">\n\t\t\t\t\t<div class=\"elementor-divider\">\n\t\t\t<span class=\"elementor-divider-separator\">\n\t\t\t\t\t\t<\/span>\n\t\t<\/div>\n\t\t\t\t<\/div>\n\t\t\t\t<\/div>\n\t\t\t\t\t<\/div>\n\t\t<\/div>\n\t\t\t\t\t<\/div>\n\t\t<\/section>\n\t\t\t\t<section class=\"elementor-section elementor-top-section elementor-element elementor-element-908c1ad elementor-section-boxed elementor-section-height-default elementor-section-height-default\" data-id=\"908c1ad\" data-element_type=\"section\" data-settings=\"{&quot;background_background&quot;:&quot;classic&quot;}\">\n\t\t\t\t\t\t<div class=\"elementor-container elementor-column-gap-default\">\n\t\t\t\t\t<div class=\"elementor-column elementor-col-100 elementor-top-column elementor-element elementor-element-db32e28\" data-id=\"db32e28\" data-element_type=\"column\">\n\t\t\t<div class=\"elementor-widget-wrap elementor-element-populated\">\n\t\t\t\t\t\t<div class=\"elementor-element elementor-element-b409c34 elementor-widget elementor-widget-spacer\" data-id=\"b409c34\" data-element_type=\"widget\" data-widget_type=\"spacer.default\">\n\t\t\t\t<div class=\"elementor-widget-container\">\n\t\t\t\t\t<div class=\"elementor-spacer\">\n\t\t\t<div class=\"elementor-spacer-inner\"><\/div>\n\t\t<\/div>\n\t\t\t\t<\/div>\n\t\t\t\t<\/div>\n\t\t\t\t\t<\/div>\n\t\t<\/div>\n\t\t\t\t\t<\/div>\n\t\t<\/section>\n\t\t\t\t<section class=\"elementor-section elementor-top-section elementor-element elementor-element-eba2bb6 elementor-section-boxed elementor-section-height-default elementor-section-height-default\" data-id=\"eba2bb6\" data-element_type=\"section\">\n\t\t\t\t\t\t<div class=\"elementor-container elementor-column-gap-default\">\n\t\t\t\t\t<div class=\"elementor-column elementor-col-100 elementor-top-column elementor-element elementor-element-def00bc\" data-id=\"def00bc\" data-element_type=\"column\">\n\t\t\t<div class=\"elementor-widget-wrap elementor-element-populated\">\n\t\t\t\t\t\t<div class=\"elementor-element elementor-element-3d40e7f elementor-widget elementor-widget-heading\" data-id=\"3d40e7f\" data-element_type=\"widget\" data-widget_type=\"heading.default\">\n\t\t\t\t<div class=\"elementor-widget-container\">\n\t\t\t<h2 class=\"elementor-heading-title elementor-size-default\">The current price list of our Finke Horns French Horns<\/h2>\t\t<\/div>\n\t\t\t\t<\/div>\n\t\t\t\t<div class=\"elementor-element elementor-element-040c91b animated-slow elementor-widget-divider--view-line elementor-widget elementor-widget-divider\" data-id=\"040c91b\" data-element_type=\"widget\" data-settings=\"{&quot;_animation&quot;:&quot;none&quot;,&quot;_animation_delay&quot;:400,&quot;_animation_mobile&quot;:&quot;none&quot;}\" data-widget_type=\"divider.default\">\n\t\t\t\t<div class=\"elementor-widget-container\">\n\t\t\t\t\t<div class=\"elementor-divider\">\n\t\t\t<span class=\"elementor-divider-separator\">\n\t\t\t\t\t\t<\/span>\n\t\t<\/div>\n\t\t\t\t<\/div>\n\t\t\t\t<\/div>\n\t\t\t\t<div class=\"elementor-element elementor-element-d02b614 elementor-widget elementor-widget-text-editor\" data-id=\"d02b614\" data-element_type=\"widget\" data-settings=\"{&quot;_animation&quot;:&quot;none&quot;,&quot;_animation_delay&quot;:800,&quot;_animation_mobile&quot;:&quot;none&quot;}\" data-widget_type=\"text-editor.default\">\n\t\t\t\t<div class=\"elementor-widget-container\">\n\t\t\t\t\t\t\t<p>Erfahren Sie alles \u00fcber unsere Waldh\u00f6rner und deren Zubeh\u00f6r in der aktuellen Preisliste Waldh\u00f6rner 2024.<\/p>\t\t\t\t\t\t<\/div>\n\t\t\t\t<\/div>\n\t\t\t\t<div class=\"elementor-element elementor-element-e79b548 elementor-arrows-position-inside elementor-pagination-position-outside elementor-widget elementor-widget-image-carousel\" data-id=\"e79b548\" data-element_type=\"widget\" data-settings=\"{&quot;slides_to_show&quot;:&quot;1&quot;,&quot;autoplay&quot;:&quot;no&quot;,&quot;infinite&quot;:&quot;no&quot;,&quot;navigation&quot;:&quot;both&quot;,&quot;effect&quot;:&quot;slide&quot;,&quot;speed&quot;:500}\" data-widget_type=\"image-carousel.default\">\n\t\t\t\t<div class=\"elementor-widget-container\">\n\t\t\t\t\t<div class=\"elementor-image-carousel-wrapper swiper\" dir=\"ltr\">\n\t\t\t<div class=\"elementor-image-carousel swiper-wrapper\" aria-live=\"polite\">\n\t\t\t\t\t\t\t\t<div class=\"swiper-slide\" role=\"group\" aria-roledescription=\"slide\" aria-label=\"1 of 4\"><figure class=\"swiper-slide-inner\"><img decoding=\"async\" class=\"swiper-slide-image\" src=\"https:\/\/finkehorns.de\/wp-content\/uploads\/2024\/09\/Horn_deutsch_2024-1-768x1086.png\" alt=\"Horn_deutsch_2024-1\" \/><\/figure><\/div><div class=\"swiper-slide\" role=\"group\" aria-roledescription=\"slide\" aria-label=\"2 of 4\"><figure class=\"swiper-slide-inner\"><img decoding=\"async\" class=\"swiper-slide-image\" src=\"https:\/\/finkehorns.de\/wp-content\/uploads\/2024\/09\/Horn_deutsch_2024-2-768x1086.png\" alt=\"Horn_deutsch_2024-2\" \/><\/figure><\/div><div class=\"swiper-slide\" role=\"group\" aria-roledescription=\"slide\" aria-label=\"3 of 4\"><figure class=\"swiper-slide-inner\"><img decoding=\"async\" class=\"swiper-slide-image\" src=\"https:\/\/finkehorns.de\/wp-content\/uploads\/2024\/09\/Horn_deutsch_2024-3-768x1086.png\" alt=\"Horn_deutsch_2024-3\" \/><\/figure><\/div><div class=\"swiper-slide\" role=\"group\" aria-roledescription=\"slide\" aria-label=\"4 of 4\"><figure class=\"swiper-slide-inner\"><img decoding=\"async\" class=\"swiper-slide-image\" src=\"https:\/\/finkehorns.de\/wp-content\/uploads\/2024\/09\/Horn_deutsch_2024-4-768x1086.png\" alt=\"Horn_deutsch_2024-4\" \/><\/figure><\/div>\t\t\t<\/div>\n\t\t\t\t\t\t\t\t\t\t\t\t<div class=\"elementor-swiper-button elementor-swiper-button-prev\" role=\"button\" tabindex=\"0\">\n\t\t\t\t\t\t<i aria-hidden=\"true\" class=\"eicon-chevron-left\"><\/i>\t\t\t\t\t<\/div>\n\t\t\t\t\t<div class=\"elementor-swiper-button elementor-swiper-button-next\" role=\"button\" tabindex=\"0\">\n\t\t\t\t\t\t<i aria-hidden=\"true\" class=\"eicon-chevron-right\"><\/i>\t\t\t\t\t<\/div>\n\t\t\t\t\n\t\t\t\t\t\t\t\t\t<div class=\"swiper-pagination\"><\/div>\n\t\t\t\t\t\t\t\t\t<\/div>\n\t\t\t\t<\/div>\n\t\t\t\t<\/div>\n\t\t\t\t<div class=\"elementor-element elementor-element-a181277 elementor-widget elementor-widget-spacer\" data-id=\"a181277\" data-element_type=\"widget\" data-widget_type=\"spacer.default\">\n\t\t\t\t<div class=\"elementor-widget-container\">\n\t\t\t\t\t<div class=\"elementor-spacer\">\n\t\t\t<div class=\"elementor-spacer-inner\"><\/div>\n\t\t<\/div>\n\t\t\t\t<\/div>\n\t\t\t\t<\/div>\n\t\t\t\t<div class=\"elementor-element elementor-element-0150eba elementor-widget elementor-widget-heading\" data-id=\"0150eba\" data-element_type=\"widget\" data-settings=\"{&quot;_animation&quot;:&quot;none&quot;}\" data-widget_type=\"heading.default\">\n\t\t\t\t<div class=\"elementor-widget-container\">\n\t\t\t<h3 class=\"elementor-heading-title elementor-size-default\">The price list French horns is also available for download here<\/h3>\t\t<\/div>\n\t\t\t\t<\/div>\n\t\t\t\t<div class=\"elementor-element elementor-element-1cf71a5 elementor-widget-divider--view-line elementor-widget elementor-widget-divider\" data-id=\"1cf71a5\" data-element_type=\"widget\" data-widget_type=\"divider.default\">\n\t\t\t\t<div class=\"elementor-widget-container\">\n\t\t\t\t\t<div class=\"elementor-divider\">\n\t\t\t<span class=\"elementor-divider-separator\">\n\t\t\t\t\t\t<\/span>\n\t\t<\/div>\n\t\t\t\t<\/div>\n\t\t\t\t<\/div>\n\t\t\t\t\t<\/div>\n\t\t<\/div>\n\t\t\t\t\t<\/div>\n\t\t<\/section>\n\t\t\t\t<section class=\"elementor-section elementor-top-section elementor-element elementor-element-c8007d1 elementor-section-boxed elementor-section-height-default elementor-section-height-default\" data-id=\"c8007d1\" data-element_type=\"section\" data-settings=\"{&quot;background_background&quot;:&quot;classic&quot;}\">\n\t\t\t\t\t\t<div class=\"elementor-container elementor-column-gap-default\">\n\t\t\t\t\t<div class=\"elementor-column elementor-col-100 elementor-top-column elementor-element elementor-element-1cd7b4d\" data-id=\"1cd7b4d\" data-element_type=\"column\">\n\t\t\t<div class=\"elementor-widget-wrap elementor-element-populated\">\n\t\t\t\t\t\t<div class=\"elementor-element elementor-element-96b08f5 elementor-view-default elementor-widget elementor-widget-icon\" data-id=\"96b08f5\" data-element_type=\"widget\" data-widget_type=\"icon.default\">\n\t\t\t\t<div class=\"elementor-widget-container\">\n\t\t\t\t\t<div class=\"elementor-icon-wrapper\">\n\t\t\t<a class=\"elementor-icon\" href=\"http:\/\/finkehorns.de\/wp-content\/uploads\/2024\/09\/deutsch_Preisliste_Waldhoerner2024.pdf\" target=\"_blank\">\n\t\t\t<i aria-hidden=\"true\" class=\"far fa-file-pdf\"><\/i>\t\t\t<\/a>\n\t\t<\/div>\n\t\t\t\t<\/div>\n\t\t\t\t<\/div>\n\t\t\t\t<div class=\"elementor-element elementor-element-c6cc922 elementor-widget elementor-widget-spacer\" data-id=\"c6cc922\" data-element_type=\"widget\" data-widget_type=\"spacer.default\">\n\t\t\t\t<div class=\"elementor-widget-container\">\n\t\t\t\t\t<div class=\"elementor-spacer\">\n\t\t\t<div class=\"elementor-spacer-inner\"><\/div>\n\t\t<\/div>\n\t\t\t\t<\/div>\n\t\t\t\t<\/div>\n\t\t\t\t\t<\/div>\n\t\t<\/div>\n\t\t\t\t\t<\/div>\n\t\t<\/section>\n\t\t\t\t<section class=\"elementor-section elementor-top-section elementor-element elementor-element-f360fd6 elementor-section-boxed elementor-section-height-default elementor-section-height-default\" data-id=\"f360fd6\" data-element_type=\"section\">\n\t\t\t\t\t\t<div class=\"elementor-container elementor-column-gap-default\">\n\t\t\t\t\t<div class=\"elementor-column elementor-col-50 elementor-top-column elementor-element elementor-element-e84a947\" data-id=\"e84a947\" data-element_type=\"column\">\n\t\t\t<div class=\"elementor-widget-wrap elementor-element-populated\">\n\t\t\t\t\t\t<div class=\"elementor-element elementor-element-5a3a75a elementor-widget elementor-widget-heading\" data-id=\"5a3a75a\" data-element_type=\"widget\" data-settings=\"{&quot;_animation&quot;:&quot;none&quot;}\" data-widget_type=\"heading.default\">\n\t\t\t\t<div class=\"elementor-widget-container\">\n\t\t\t<h3 class=\"elementor-heading-title elementor-size-default\">English Version of the Pricelist in EUR<\/h3>\t\t<\/div>\n\t\t\t\t<\/div>\n\t\t\t\t<div class=\"elementor-element elementor-element-efd2bcb elementor-widget-divider--view-line elementor-widget elementor-widget-divider\" data-id=\"efd2bcb\" data-element_type=\"widget\" data-widget_type=\"divider.default\">\n\t\t\t\t<div class=\"elementor-widget-container\">\n\t\t\t\t\t<div class=\"elementor-divider\">\n\t\t\t<span class=\"elementor-divider-separator\">\n\t\t\t\t\t\t<\/span>\n\t\t<\/div>\n\t\t\t\t<\/div>\n\t\t\t\t<\/div>\n\t\t\t\t<div class=\"elementor-element elementor-element-42331de elementor-view-default elementor-widget elementor-widget-icon\" data-id=\"42331de\" data-element_type=\"widget\" data-widget_type=\"icon.default\">\n\t\t\t\t<div class=\"elementor-widget-container\">\n\t\t\t\t\t<div class=\"elementor-icon-wrapper\">\n\t\t\t<a class=\"elementor-icon\" href=\"http:\/\/finkehorns.de\/wp-content\/uploads\/2024\/09\/englisch_Euro_Preislist_Horns2024.pdf\" target=\"_blank\">\n\t\t\t<i aria-hidden=\"true\" class=\"far fa-file-pdf\"><\/i>\t\t\t<\/a>\n\t\t<\/div>\n\t\t\t\t<\/div>\n\t\t\t\t<\/div>\n\t\t\t\t\t<\/div>\n\t\t<\/div>\n\t\t\t\t<div class=\"elementor-column elementor-col-50 elementor-top-column elementor-element elementor-element-3d54692\" data-id=\"3d54692\" data-element_type=\"column\">\n\t\t\t<div class=\"elementor-widget-wrap elementor-element-populated\">\n\t\t\t\t\t\t<div class=\"elementor-element elementor-element-47da8a7 elementor-widget elementor-widget-heading\" data-id=\"47da8a7\" data-element_type=\"widget\" data-settings=\"{&quot;_animation&quot;:&quot;none&quot;}\" data-widget_type=\"heading.default\">\n\t\t\t\t<div class=\"elementor-widget-container\">\n\t\t\t<h3 class=\"elementor-heading-title elementor-size-default\">English Version of the Pricelist in USD<\/h3>\t\t<\/div>\n\t\t\t\t<\/div>\n\t\t\t\t<div class=\"elementor-element elementor-element-c59d517 elementor-widget-divider--view-line elementor-widget elementor-widget-divider\" data-id=\"c59d517\" data-element_type=\"widget\" data-widget_type=\"divider.default\">\n\t\t\t\t<div class=\"elementor-widget-container\">\n\t\t\t\t\t<div class=\"elementor-divider\">\n\t\t\t<span class=\"elementor-divider-separator\">\n\t\t\t\t\t\t<\/span>\n\t\t<\/div>\n\t\t\t\t<\/div>\n\t\t\t\t<\/div>\n\t\t\t\t<div class=\"elementor-element elementor-element-187af93 elementor-view-default elementor-widget elementor-widget-icon\" data-id=\"187af93\" data-element_type=\"widget\" data-widget_type=\"icon.default\">\n\t\t\t\t<div class=\"elementor-widget-container\">\n\t\t\t\t\t<div class=\"elementor-icon-wrapper\">\n\t\t\t<a class=\"elementor-icon\" href=\"http:\/\/finkehorns.de\/wp-content\/uploads\/2025\/06\/Dollar_Preisliste_Waldhoerner-2025.pdf\" target=\"_blank\">\n\t\t\t<i aria-hidden=\"true\" class=\"far fa-file-pdf\"><\/i>\t\t\t<\/a>\n\t\t<\/div>\n\t\t\t\t<\/div>\n\t\t\t\t<\/div>\n\t\t\t\t\t<\/div>\n\t\t<\/div>\n\t\t\t\t\t<\/div>\n\t\t<\/section>\n\t\t\t\t<\/div>","protected":false},"excerpt":{"rendered":"<p>Preisliste Waldh\u00f6rner Die aktuelle Preisliste unserer Finke Horns Waldh\u00f6rner Erfahren Sie alles \u00fcber unsere Waldh\u00f6rner und deren Zubeh\u00f6r in der aktuellen Preisliste Waldh\u00f6rner 2024. Die Preisliste Waldh\u00f6rner steht Ihnen hier auch zum Download bereit English Version of the Pricelist in EUR English Version of the Pricelist in USD<\/p>","protected":false},"author":1,"featured_media":0,"parent":1041,"menu_order":0,"comment_status":"closed","ping_status":"closed","template":"","meta":{"_monsterinsights_skip_tracking":false,"_monsterinsights_sitenote_active":false,"_monsterinsights_sitenote_note":"","_monsterinsights_sitenote_category":0,"footnotes":""},"yoast_head":"<!-- This site is optimized with the Yoast SEO plugin v20.13 - https:\/\/yoast.com\/wordpress\/plugins\/seo\/ -->\n<title>Die Waldh\u00f6rner Preisliste von Finke Horns - Jetzt ansehen!!<\/title>\n<meta name=\"description\" content=\"Entdecken Sie unsere klangvollen Waldh\u00f6rner. In unserer Preisliste der Waldh\u00f6rner k\u00f6nnen Sie unsere vielf\u00e4ltige Auswahl an Waldh\u00f6rner sehen!\" \/>\n<meta name=\"robots\" content=\"index, follow, max-snippet:-1, max-image-preview:large, max-video-preview:-1\" \/>\n<link rel=\"canonical\" href=\"https:\/\/finkehorns.de\/en\/metallblasinstrumente-von-finke-horns\/preise\/preisliste-waldhoerner\/\" \/>\n<meta property=\"og:locale\" content=\"en_US\" \/>\n<meta property=\"og:type\" content=\"article\" \/>\n<meta property=\"og:title\" content=\"Die Waldh\u00f6rner Preisliste von Finke Horns - Jetzt ansehen!!\" \/>\n<meta property=\"og:description\" content=\"Entdecken Sie unsere klangvollen Waldh\u00f6rner. In unserer Preisliste der Waldh\u00f6rner k\u00f6nnen Sie unsere vielf\u00e4ltige Auswahl an Waldh\u00f6rner sehen!\" \/>\n<meta property=\"og:url\" content=\"https:\/\/finkehorns.de\/en\/metallblasinstrumente-von-finke-horns\/preise\/preisliste-waldhoerner\/\" \/>\n<meta property=\"og:site_name\" content=\"finkehorns.de\" \/>\n<meta property=\"article:modified_time\" content=\"2025-06-29T23:26:02+00:00\" \/>\n<meta property=\"og:image\" content=\"http:\/\/finkehorns.de\/wp-content\/uploads\/elementor\/thumbs\/Finkehorn-logo-Finkehorns-Metallblasinstrumente-01042021-phuct7wqa2bdyfjgyb5niwl15bdifxu7nm3he27too.png\" \/>\n<meta name=\"twitter:card\" content=\"summary_large_image\" \/>\n<meta name=\"twitter:label1\" content=\"Est. reading time\" \/>\n\t<meta name=\"twitter:data1\" content=\"2 minutes\" \/>\n<script type=\"application\/ld+json\" class=\"yoast-schema-graph\">{\"@context\":\"https:\/\/schema.org\",\"@graph\":[{\"@type\":\"WebPage\",\"@id\":\"https:\/\/finkehorns.de\/metallblasinstrumente-von-finke-horns\/preise\/preisliste-waldhoerner\/\",\"url\":\"https:\/\/finkehorns.de\/metallblasinstrumente-von-finke-horns\/preise\/preisliste-waldhoerner\/\",\"name\":\"Die Waldh\u00f6rner Preisliste von Finke Horns - Jetzt ansehen!!\",\"isPartOf\":{\"@id\":\"https:\/\/finkehorns.de\/#website\"},\"datePublished\":\"2020-01-17T15:57:46+00:00\",\"dateModified\":\"2025-06-29T23:26:02+00:00\",\"description\":\"Entdecken Sie unsere klangvollen Waldh\u00f6rner. In unserer Preisliste der Waldh\u00f6rner k\u00f6nnen Sie unsere vielf\u00e4ltige Auswahl an Waldh\u00f6rner sehen!\",\"breadcrumb\":{\"@id\":\"https:\/\/finkehorns.de\/metallblasinstrumente-von-finke-horns\/preise\/preisliste-waldhoerner\/#breadcrumb\"},\"inLanguage\":\"en-US\",\"potentialAction\":[{\"@type\":\"ReadAction\",\"target\":[\"https:\/\/finkehorns.de\/metallblasinstrumente-von-finke-horns\/preise\/preisliste-waldhoerner\/\"]}]},{\"@type\":\"BreadcrumbList\",\"@id\":\"https:\/\/finkehorns.de\/metallblasinstrumente-von-finke-horns\/preise\/preisliste-waldhoerner\/#breadcrumb\",\"itemListElement\":[{\"@type\":\"ListItem\",\"position\":1,\"name\":\"Startseite\",\"item\":\"https:\/\/finkehorns.de\/\"},{\"@type\":\"ListItem\",\"position\":2,\"name\":\"Startseite\",\"item\":\"https:\/\/finkehorns.de\/\"},{\"@type\":\"ListItem\",\"position\":3,\"name\":\"Preise\",\"item\":\"https:\/\/finkehorns.de\/metallblasinstrumente-von-finke-horns\/preise\/\"},{\"@type\":\"ListItem\",\"position\":4,\"name\":\"Preisliste Waldh\u00f6rner\"}]},{\"@type\":\"WebSite\",\"@id\":\"https:\/\/finkehorns.de\/#website\",\"url\":\"https:\/\/finkehorns.de\/\",\"name\":\"finkehorns.de\",\"description\":\"Tradition with Progress\",\"publisher\":{\"@id\":\"https:\/\/finkehorns.de\/#organization\"},\"potentialAction\":[{\"@type\":\"SearchAction\",\"target\":{\"@type\":\"EntryPoint\",\"urlTemplate\":\"https:\/\/finkehorns.de\/?s={search_term_string}\"},\"query-input\":\"required name=search_term_string\"}],\"inLanguage\":\"en-US\"},{\"@type\":\"Organization\",\"@id\":\"https:\/\/finkehorns.de\/#organization\",\"name\":\"finkehorns.de\",\"url\":\"https:\/\/finkehorns.de\/\",\"logo\":{\"@type\":\"ImageObject\",\"inLanguage\":\"en-US\",\"@id\":\"https:\/\/finkehorns.de\/#\/schema\/logo\/image\/\",\"url\":\"https:\/\/finkehorns.de\/wp-content\/uploads\/2021\/04\/Finkehorn-logo-Finkehorns-Metallblasinstrumente-01042021.png\",\"contentUrl\":\"https:\/\/finkehorns.de\/wp-content\/uploads\/2021\/04\/Finkehorn-logo-Finkehorns-Metallblasinstrumente-01042021.png\",\"width\":4000,\"height\":4000,\"caption\":\"finkehorns.de\"},\"image\":{\"@id\":\"https:\/\/finkehorns.de\/#\/schema\/logo\/image\/\"}}]}<\/script>\n<!-- \/ Yoast SEO plugin. -->","yoast_head_json":{"title":"Die Waldh\u00f6rner Preisliste von Finke Horns - Jetzt ansehen!!","description":"Entdecken Sie unsere klangvollen Waldh\u00f6rner. In unserer Preisliste der Waldh\u00f6rner k\u00f6nnen Sie unsere vielf\u00e4ltige Auswahl an Waldh\u00f6rner sehen!","robots":{"index":"index","follow":"follow","max-snippet":"max-snippet:-1","max-image-preview":"max-image-preview:large","max-video-preview":"max-video-preview:-1"},"canonical":"https:\/\/finkehorns.de\/en\/metallblasinstrumente-von-finke-horns\/preise\/preisliste-waldhoerner\/","og_locale":"en_US","og_type":"article","og_title":"Die Waldh\u00f6rner Preisliste von Finke Horns - Jetzt ansehen!!","og_description":"Entdecken Sie unsere klangvollen Waldh\u00f6rner. In unserer Preisliste der Waldh\u00f6rner k\u00f6nnen Sie unsere vielf\u00e4ltige Auswahl an Waldh\u00f6rner sehen!","og_url":"https:\/\/finkehorns.de\/en\/metallblasinstrumente-von-finke-horns\/preise\/preisliste-waldhoerner\/","og_site_name":"finkehorns.de","article_modified_time":"2025-06-29T23:26:02+00:00","og_image":[{"url":"http:\/\/finkehorns.de\/wp-content\/uploads\/elementor\/thumbs\/Finkehorn-logo-Finkehorns-Metallblasinstrumente-01042021-phuct7wqa2bdyfjgyb5niwl15bdifxu7nm3he27too.png"}],"twitter_card":"summary_large_image","twitter_misc":{"Est. reading time":"2 minutes"},"schema":{"@context":"https:\/\/schema.org","@graph":[{"@type":"WebPage","@id":"https:\/\/finkehorns.de\/metallblasinstrumente-von-finke-horns\/preise\/preisliste-waldhoerner\/","url":"https:\/\/finkehorns.de\/metallblasinstrumente-von-finke-horns\/preise\/preisliste-waldhoerner\/","name":"Die Waldh\u00f6rner Preisliste von Finke Horns - Jetzt ansehen!!","isPartOf":{"@id":"https:\/\/finkehorns.de\/#website"},"datePublished":"2020-01-17T15:57:46+00:00","dateModified":"2025-06-29T23:26:02+00:00","description":"Entdecken Sie unsere klangvollen Waldh\u00f6rner. In unserer Preisliste der Waldh\u00f6rner k\u00f6nnen Sie unsere vielf\u00e4ltige Auswahl an Waldh\u00f6rner sehen!","breadcrumb":{"@id":"https:\/\/finkehorns.de\/metallblasinstrumente-von-finke-horns\/preise\/preisliste-waldhoerner\/#breadcrumb"},"inLanguage":"en-US","potentialAction":[{"@type":"ReadAction","target":["https:\/\/finkehorns.de\/metallblasinstrumente-von-finke-horns\/preise\/preisliste-waldhoerner\/"]}]},{"@type":"BreadcrumbList","@id":"https:\/\/finkehorns.de\/metallblasinstrumente-von-finke-horns\/preise\/preisliste-waldhoerner\/#breadcrumb","itemListElement":[{"@type":"ListItem","position":1,"name":"Startseite","item":"https:\/\/finkehorns.de\/"},{"@type":"ListItem","position":2,"name":"Startseite","item":"https:\/\/finkehorns.de\/"},{"@type":"ListItem","position":3,"name":"Preise","item":"https:\/\/finkehorns.de\/metallblasinstrumente-von-finke-horns\/preise\/"},{"@type":"ListItem","position":4,"name":"Preisliste Waldh\u00f6rner"}]},{"@type":"WebSite","@id":"https:\/\/finkehorns.de\/#website","url":"https:\/\/finkehorns.de\/","name":"finkehorns.de","description":"Tradition with Progress","publisher":{"@id":"https:\/\/finkehorns.de\/#organization"},"potentialAction":[{"@type":"SearchAction","target":{"@type":"EntryPoint","urlTemplate":"https:\/\/finkehorns.de\/?s={search_term_string}"},"query-input":"required name=search_term_string"}],"inLanguage":"en-US"},{"@type":"Organization","@id":"https:\/\/finkehorns.de\/#organization","name":"finkehorns.de","url":"https:\/\/finkehorns.de\/","logo":{"@type":"ImageObject","inLanguage":"en-US","@id":"https:\/\/finkehorns.de\/#\/schema\/logo\/image\/","url":"https:\/\/finkehorns.de\/wp-content\/uploads\/2021\/04\/Finkehorn-logo-Finkehorns-Metallblasinstrumente-01042021.png","contentUrl":"https:\/\/finkehorns.de\/wp-content\/uploads\/2021\/04\/Finkehorn-logo-Finkehorns-Metallblasinstrumente-01042021.png","width":4000,"height":4000,"caption":"finkehorns.de"},"image":{"@id":"https:\/\/finkehorns.de\/#\/schema\/logo\/image\/"}}]}},"_links":{"self":[{"href":"https:\/\/finkehorns.de\/en\/wp-json\/wp\/v2\/pages\/377"}],"collection":[{"href":"https:\/\/finkehorns.de\/en\/wp-json\/wp\/v2\/pages"}],"about":[{"href":"https:\/\/finkehorns.de\/en\/wp-json\/wp\/v2\/types\/page"}],"author":[{"embeddable":true,"href":"https:\/\/finkehorns.de\/en\/wp-json\/wp\/v2\/users\/1"}],"replies":[{"embeddable":true,"href":"https:\/\/finkehorns.de\/en\/wp-json\/wp\/v2\/comments?post=377"}],"version-history":[{"count":10,"href":"https:\/\/finkehorns.de\/en\/wp-json\/wp\/v2\/pages\/377\/revisions"}],"predecessor-version":[{"id":7341,"href":"https:\/\/finkehorns.de\/en\/wp-json\/wp\/v2\/pages\/377\/revisions\/7341"}],"up":[{"embeddable":true,"href":"https:\/\/finkehorns.de\/en\/wp-json\/wp\/v2\/pages\/1041"}],"wp:attachment":[{"href":"https:\/\/finkehorns.de\/en\/wp-json\/wp\/v2\/media?parent=377"}],"curies":[{"name":"wp","href":"https:\/\/api.w.org\/{rel}","templated":true}]}}