{"id":2507,"date":"2020-10-26T18:11:47","date_gmt":"2020-10-26T17:11:47","guid":{"rendered":"http:\/\/finkehorns.de\/?page_id=2507"},"modified":"2024-09-09T13:17:08","modified_gmt":"2024-09-09T11:17:08","slug":"reparaturservice","status":"publish","type":"page","link":"https:\/\/finkehorns.de\/en\/metallblasinstrumente-von-finke-horns\/service\/reparaturservice\/","title":{"rendered":"Repair service"},"content":{"rendered":"<div data-elementor-type=\"wp-page\" data-elementor-id=\"2507\" class=\"elementor elementor-2507\" data-elementor-post-type=\"page\">\n\t\t\t\t\t\t<section class=\"elementor-section elementor-top-section elementor-element elementor-element-701f6075 elementor-section-height-min-height elementor-section-boxed elementor-section-height-default elementor-section-items-middle\" data-id=\"701f6075\" data-element_type=\"section\" data-settings=\"{&quot;background_background&quot;:&quot;classic&quot;}\">\n\t\t\t\t\t\t\t<div class=\"elementor-background-overlay\"><\/div>\n\t\t\t\t\t\t\t<div class=\"elementor-container elementor-column-gap-default\">\n\t\t\t\t\t<div class=\"elementor-column elementor-col-50 elementor-top-column elementor-element elementor-element-2aff3011\" data-id=\"2aff3011\" data-element_type=\"column\">\n\t\t\t<div class=\"elementor-widget-wrap elementor-element-populated\">\n\t\t\t\t\t\t<div class=\"elementor-element elementor-element-8a32970 animated-slow elementor-widget elementor-widget-image\" data-id=\"8a32970\" data-element_type=\"widget\" data-settings=\"{&quot;_animation&quot;:&quot;none&quot;,&quot;_animation_delay&quot;:200,&quot;_animation_mobile&quot;:&quot;none&quot;}\" data-widget_type=\"image.default\">\n\t\t\t\t<div class=\"elementor-widget-container\">\n\t\t\t\t\t\t\t\t\t\t\t\t\t\t<a href=\"https:\/\/finkehorns.de\/en\/\">\n\t\t\t\t\t\t\t<img decoding=\"async\" src=\"https:\/\/finkehorns.de\/wp-content\/uploads\/2021\/04\/Finkehorn-logo-Finkehorns-Metallblasinstrumente-01042021.png\" title=\"Finkehorn-logo-Finkehorns-Metallblasinstrumente-01042021\" alt=\"Finkehorn-logo-Finkehorns-Metallblasinstrumente-01042021\" loading=\"lazy\" \/>\t\t\t\t\t\t\t\t<\/a>\n\t\t\t\t\t\t\t\t\t\t\t\t\t<\/div>\n\t\t\t\t<\/div>\n\t\t\t\t\t<\/div>\n\t\t<\/div>\n\t\t\t\t<div class=\"elementor-column elementor-col-50 elementor-top-column elementor-element elementor-element-222d6e9a\" data-id=\"222d6e9a\" data-element_type=\"column\">\n\t\t\t<div class=\"elementor-widget-wrap elementor-element-populated\">\n\t\t\t\t\t\t<div class=\"elementor-element elementor-element-1e8bd3dd animated-slow elementor-widget elementor-widget-heading\" data-id=\"1e8bd3dd\" data-element_type=\"widget\" data-settings=\"{&quot;_animation&quot;:&quot;none&quot;,&quot;_animation_delay&quot;:200}\" data-widget_type=\"heading.default\">\n\t\t\t\t<div class=\"elementor-widget-container\">\n\t\t\t<h1 class=\"elementor-heading-title elementor-size-default\">Service - repairs<\/h1>\t\t<\/div>\n\t\t\t\t<\/div>\n\t\t\t\t<div class=\"elementor-element elementor-element-86583a8 elementor-widget__width-auto elementor-absolute elementor-widget elementor-widget-menu-anchor\" data-id=\"86583a8\" data-element_type=\"widget\" data-settings=\"{&quot;_position&quot;:&quot;absolute&quot;}\" data-widget_type=\"menu-anchor.default\">\n\t\t\t\t<div class=\"elementor-widget-container\">\n\t\t\t\t\t<div class=\"elementor-menu-anchor\" id=\"home\"><\/div>\n\t\t\t\t<\/div>\n\t\t\t\t<\/div>\n\t\t\t\t<div class=\"elementor-element elementor-element-3e2ce2ca animated-slow elementor-widget-divider--view-line elementor-widget elementor-widget-divider\" data-id=\"3e2ce2ca\" data-element_type=\"widget\" data-settings=\"{&quot;_animation&quot;:&quot;none&quot;,&quot;_animation_delay&quot;:400}\" data-widget_type=\"divider.default\">\n\t\t\t\t<div class=\"elementor-widget-container\">\n\t\t\t\t\t<div class=\"elementor-divider\">\n\t\t\t<span class=\"elementor-divider-separator\">\n\t\t\t\t\t\t<\/span>\n\t\t<\/div>\n\t\t\t\t<\/div>\n\t\t\t\t<\/div>\n\t\t\t\t\t<\/div>\n\t\t<\/div>\n\t\t\t\t\t<\/div>\n\t\t<\/section>\n\t\t\t\t<section class=\"elementor-section elementor-top-section elementor-element elementor-element-334c13 elementor-section-boxed elementor-section-height-default elementor-section-height-default\" data-id=\"334c13\" data-element_type=\"section\" data-settings=\"{&quot;background_background&quot;:&quot;classic&quot;}\">\n\t\t\t\t\t\t<div class=\"elementor-container elementor-column-gap-default\">\n\t\t\t\t\t<div class=\"elementor-column elementor-col-100 elementor-top-column elementor-element elementor-element-39ec1094\" data-id=\"39ec1094\" data-element_type=\"column\">\n\t\t\t<div class=\"elementor-widget-wrap elementor-element-populated\">\n\t\t\t\t\t\t<div class=\"elementor-element elementor-element-4239d6fb elementor-hidden-phone elementor-widget elementor-widget-spacer\" data-id=\"4239d6fb\" data-element_type=\"widget\" data-widget_type=\"spacer.default\">\n\t\t\t\t<div class=\"elementor-widget-container\">\n\t\t\t\t\t<div class=\"elementor-spacer\">\n\t\t\t<div class=\"elementor-spacer-inner\"><\/div>\n\t\t<\/div>\n\t\t\t\t<\/div>\n\t\t\t\t<\/div>\n\t\t\t\t<div class=\"elementor-element elementor-element-510febb elementor-widget elementor-widget-heading\" data-id=\"510febb\" data-element_type=\"widget\" data-settings=\"{&quot;_animation_mobile&quot;:&quot;none&quot;}\" data-widget_type=\"heading.default\">\n\t\t\t\t<div class=\"elementor-widget-container\">\n\t\t\t<h2 class=\"elementor-heading-title elementor-size-default\">Repairs to brass and woodwind instruments<\/h2>\t\t<\/div>\n\t\t\t\t<\/div>\n\t\t\t\t<div class=\"elementor-element elementor-element-51e9bad4 elementor-widget-divider--view-line elementor-widget elementor-widget-divider\" data-id=\"51e9bad4\" data-element_type=\"widget\" data-settings=\"{&quot;_animation_mobile&quot;:&quot;none&quot;}\" data-widget_type=\"divider.default\">\n\t\t\t\t<div class=\"elementor-widget-container\">\n\t\t\t\t\t<div class=\"elementor-divider\">\n\t\t\t<span class=\"elementor-divider-separator\">\n\t\t\t\t\t\t<\/span>\n\t\t<\/div>\n\t\t\t\t<\/div>\n\t\t\t\t<\/div>\n\t\t\t\t<div class=\"elementor-element elementor-element-1073916 elementor-widget elementor-widget-text-editor\" data-id=\"1073916\" data-element_type=\"widget\" data-settings=\"{&quot;_animation_mobile&quot;:&quot;none&quot;}\" data-widget_type=\"text-editor.default\">\n\t\t\t\t<div class=\"elementor-widget-container\">\n\t\t\t\t\t\t\t<p style=\"text-align: left;\">In addition to the manufacture of instruments in our workshop, we also offer professional repairs of wood and brasswind instruments. From small soldering work, to dent removal and overhaul of mechanics and valves, to complete general overhauls, including repainting, reupholstering and straightening of mechanics of woodwind instruments, our competent service includes all wind instruments of any brand. Contact us now and we will bring your wind instrument back to shape!\u00a0<\/p>\t\t\t\t\t\t<\/div>\n\t\t\t\t<\/div>\n\t\t\t\t<div class=\"elementor-element elementor-element-9d42999 elementor-widget elementor-widget-button\" data-id=\"9d42999\" data-element_type=\"widget\" data-settings=\"{&quot;_animation&quot;:&quot;none&quot;,&quot;_animation_delay&quot;:1000}\" data-widget_type=\"button.default\">\n\t\t\t\t<div class=\"elementor-widget-container\">\n\t\t\t\t\t<div class=\"elementor-button-wrapper\">\n\t\t\t<a class=\"elementor-button elementor-button-link elementor-size-sm\" href=\"\/en\/kontakt\/\">\n\t\t\t\t\t\t<span class=\"elementor-button-content-wrapper\">\n\t\t\t\t\t\t\t\t\t<span class=\"elementor-button-text\">Contact<\/span>\n\t\t\t\t\t<\/span>\n\t\t\t\t\t<\/a>\n\t\t<\/div>\n\t\t\t\t<\/div>\n\t\t\t\t<\/div>\n\t\t\t\t<div class=\"elementor-element elementor-element-37de7577 elementor-widget elementor-widget-spacer\" data-id=\"37de7577\" data-element_type=\"widget\" data-widget_type=\"spacer.default\">\n\t\t\t\t<div class=\"elementor-widget-container\">\n\t\t\t\t\t<div class=\"elementor-spacer\">\n\t\t\t<div class=\"elementor-spacer-inner\"><\/div>\n\t\t<\/div>\n\t\t\t\t<\/div>\n\t\t\t\t<\/div>\n\t\t\t\t\t<\/div>\n\t\t<\/div>\n\t\t\t\t\t<\/div>\n\t\t<\/section>\n\t\t\t\t<section class=\"elementor-section elementor-top-section elementor-element elementor-element-41eaddac elementor-section-full_width elementor-section-height-min-height elementor-section-items-stretch elementor-section-content-middle elementor-reverse-mobile elementor-section-height-default\" data-id=\"41eaddac\" data-element_type=\"section\" data-settings=\"{&quot;background_background&quot;:&quot;classic&quot;}\">\n\t\t\t\t\t\t<div class=\"elementor-container elementor-column-gap-no\">\n\t\t\t\t\t<div class=\"elementor-column elementor-col-50 elementor-top-column elementor-element elementor-element-3b0599e2\" data-id=\"3b0599e2\" data-element_type=\"column\" data-settings=\"{&quot;background_background&quot;:&quot;none&quot;}\">\n\t\t\t<div class=\"elementor-widget-wrap elementor-element-populated\">\n\t\t\t\t\t\t<div class=\"elementor-element elementor-element-f1ba9b2 elementor-widget elementor-widget-heading\" data-id=\"f1ba9b2\" data-element_type=\"widget\" data-settings=\"{&quot;_animation_mobile&quot;:&quot;none&quot;}\" data-widget_type=\"heading.default\">\n\t\t\t\t<div class=\"elementor-widget-container\">\n\t\t\t<h2 class=\"elementor-heading-title elementor-size-default\">Ultrasonic cleaning bath<\/h2>\t\t<\/div>\n\t\t\t\t<\/div>\n\t\t\t\t<div class=\"elementor-element elementor-element-24ae2b67 elementor-widget-divider--view-line elementor-widget elementor-widget-divider\" data-id=\"24ae2b67\" data-element_type=\"widget\" data-settings=\"{&quot;_animation_mobile&quot;:&quot;none&quot;}\" data-widget_type=\"divider.default\">\n\t\t\t\t<div class=\"elementor-widget-container\">\n\t\t\t\t\t<div class=\"elementor-divider\">\n\t\t\t<span class=\"elementor-divider-separator\">\n\t\t\t\t\t\t<\/span>\n\t\t<\/div>\n\t\t\t\t<\/div>\n\t\t\t\t<\/div>\n\t\t\t\t<div class=\"elementor-element elementor-element-585eaf74 elementor-widget elementor-widget-text-editor\" data-id=\"585eaf74\" data-element_type=\"widget\" data-settings=\"{&quot;_animation_mobile&quot;:&quot;none&quot;}\" data-widget_type=\"text-editor.default\">\n\t\t\t\t<div class=\"elementor-widget-container\">\n\t\t\t\t\t\t\t<p>For a few years now, we have been able to offer you the service of ultrasonic cleaning of your instrument. From the piccolo trumpet to the tuba, we can thoroughly clean instruments in this bath.<\/p>\t\t\t\t\t\t<\/div>\n\t\t\t\t<\/div>\n\t\t\t\t\t<\/div>\n\t\t<\/div>\n\t\t\t\t<div class=\"elementor-column elementor-col-50 elementor-top-column elementor-element elementor-element-1ab3c4a\" data-id=\"1ab3c4a\" data-element_type=\"column\" data-settings=\"{&quot;background_background&quot;:&quot;classic&quot;}\">\n\t\t\t<div class=\"elementor-widget-wrap elementor-element-populated\">\n\t\t\t\t\t\t<div class=\"elementor-element elementor-element-ec844a0 elementor-widget elementor-widget-image-carousel\" data-id=\"ec844a0\" data-element_type=\"widget\" data-settings=\"{&quot;slides_to_show&quot;:&quot;1&quot;,&quot;navigation&quot;:&quot;none&quot;,&quot;speed&quot;:1500,&quot;autoplay&quot;:&quot;yes&quot;,&quot;pause_on_hover&quot;:&quot;yes&quot;,&quot;pause_on_interaction&quot;:&quot;yes&quot;,&quot;autoplay_speed&quot;:5000,&quot;infinite&quot;:&quot;yes&quot;,&quot;effect&quot;:&quot;slide&quot;}\" data-widget_type=\"image-carousel.default\">\n\t\t\t\t<div class=\"elementor-widget-container\">\n\t\t\t\t\t<div class=\"elementor-image-carousel-wrapper swiper\" dir=\"ltr\">\n\t\t\t<div class=\"elementor-image-carousel swiper-wrapper\" aria-live=\"off\">\n\t\t\t\t\t\t\t\t<div class=\"swiper-slide\" role=\"group\" aria-roledescription=\"slide\" aria-label=\"1 of 1\"><figure class=\"swiper-slide-inner\"><img decoding=\"async\" class=\"swiper-slide-image\" src=\"https:\/\/finkehorns.de\/wp-content\/uploads\/2021\/04\/IMG_2320-scaled.jpg\" alt=\"Ultraschallreinigungsanlage f\u00fcr Blasinstrumente\" \/><\/figure><\/div>\t\t\t<\/div>\n\t\t\t\t\t<\/div>\n\t\t\t\t<\/div>\n\t\t\t\t<\/div>\n\t\t\t\t\t<\/div>\n\t\t<\/div>\n\t\t\t\t\t<\/div>\n\t\t<\/section>\n\t\t\t\t<section class=\"elementor-section elementor-top-section elementor-element elementor-element-7bf353a elementor-section-full_width elementor-section-height-min-height elementor-section-items-stretch elementor-section-content-middle elementor-section-height-default\" data-id=\"7bf353a\" data-element_type=\"section\" data-settings=\"{&quot;background_background&quot;:&quot;classic&quot;}\">\n\t\t\t\t\t\t<div class=\"elementor-container elementor-column-gap-no\">\n\t\t\t\t\t<div class=\"elementor-column elementor-col-50 elementor-top-column elementor-element elementor-element-cf465d9\" data-id=\"cf465d9\" data-element_type=\"column\" data-settings=\"{&quot;background_background&quot;:&quot;classic&quot;}\">\n\t\t\t<div class=\"elementor-widget-wrap elementor-element-populated\">\n\t\t\t\t\t\t<div class=\"elementor-element elementor-element-e0d1dc2 elementor-widget elementor-widget-image-carousel\" data-id=\"e0d1dc2\" data-element_type=\"widget\" data-settings=\"{&quot;slides_to_show&quot;:&quot;1&quot;,&quot;navigation&quot;:&quot;none&quot;,&quot;speed&quot;:1500,&quot;autoplay&quot;:&quot;yes&quot;,&quot;pause_on_hover&quot;:&quot;yes&quot;,&quot;pause_on_interaction&quot;:&quot;yes&quot;,&quot;autoplay_speed&quot;:5000,&quot;infinite&quot;:&quot;yes&quot;,&quot;effect&quot;:&quot;slide&quot;}\" data-widget_type=\"image-carousel.default\">\n\t\t\t\t<div class=\"elementor-widget-container\">\n\t\t\t\t\t<div class=\"elementor-image-carousel-wrapper swiper\" dir=\"ltr\">\n\t\t\t<div class=\"elementor-image-carousel swiper-wrapper\" aria-live=\"off\">\n\t\t\t\t\t\t\t\t<div class=\"swiper-slide\" role=\"group\" aria-roledescription=\"slide\" aria-label=\"1 of 2\"><figure class=\"swiper-slide-inner\"><img decoding=\"async\" class=\"swiper-slide-image\" src=\"https:\/\/finkehorns.de\/wp-content\/uploads\/2021\/04\/Reparatur-Saxophon.jpg\" alt=\"Reparaturen von Holzblasinstrumenten\" \/><\/figure><\/div><div class=\"swiper-slide\" role=\"group\" aria-roledescription=\"slide\" aria-label=\"2 of 2\"><figure class=\"swiper-slide-inner\"><img decoding=\"async\" class=\"swiper-slide-image\" src=\"https:\/\/finkehorns.de\/wp-content\/uploads\/2021\/04\/IMG_1142-scaled.jpg\" alt=\"Unser Reparaturservice an Blasinstrumente aller Hersteller\" \/><\/figure><\/div>\t\t\t<\/div>\n\t\t\t\t\t\t\t\n\t\t\t\t\t\t\t\t\t<\/div>\n\t\t\t\t<\/div>\n\t\t\t\t<\/div>\n\t\t\t\t\t<\/div>\n\t\t<\/div>\n\t\t\t\t<div class=\"elementor-column elementor-col-50 elementor-top-column elementor-element elementor-element-7d5f47d6\" data-id=\"7d5f47d6\" data-element_type=\"column\" data-settings=\"{&quot;background_background&quot;:&quot;none&quot;}\">\n\t\t\t<div class=\"elementor-widget-wrap elementor-element-populated\">\n\t\t\t\t\t\t<div class=\"elementor-element elementor-element-afdf945 elementor-widget elementor-widget-heading\" data-id=\"afdf945\" data-element_type=\"widget\" data-settings=\"{&quot;_animation_mobile&quot;:&quot;none&quot;}\" data-widget_type=\"heading.default\">\n\t\t\t\t<div class=\"elementor-widget-container\">\n\t\t\t<h2 class=\"elementor-heading-title elementor-size-default\">Our repair service at a glance<\/h2>\t\t<\/div>\n\t\t\t\t<\/div>\n\t\t\t\t<div class=\"elementor-element elementor-element-40c977c9 elementor-widget-divider--view-line elementor-widget elementor-widget-divider\" data-id=\"40c977c9\" data-element_type=\"widget\" data-settings=\"{&quot;_animation_mobile&quot;:&quot;none&quot;}\" data-widget_type=\"divider.default\">\n\t\t\t\t<div class=\"elementor-widget-container\">\n\t\t\t\t\t<div class=\"elementor-divider\">\n\t\t\t<span class=\"elementor-divider-separator\">\n\t\t\t\t\t\t<\/span>\n\t\t<\/div>\n\t\t\t\t<\/div>\n\t\t\t\t<\/div>\n\t\t\t\t<div class=\"elementor-element elementor-element-81c83ad elementor-widget elementor-widget-text-editor\" data-id=\"81c83ad\" data-element_type=\"widget\" data-settings=\"{&quot;_animation_mobile&quot;:&quot;none&quot;}\" data-widget_type=\"text-editor.default\">\n\t\t\t\t<div class=\"elementor-widget-container\">\n\t\t\t\t\t\t\t<ul><li>Soldering and dent removal, mechanical and valve overhauls, rebuilding and modifications according to your wishes on all brass instruments.<\/li><li>Align keys and mechanisms on woodwind instruments, replace upholstery and clean.<\/li><li>Lacquering and galvanic surface finishing such as silver and gold plating<\/li><li>Create appraisals of your instruments.<\/li><li>Modification and refurbishment of mouthpieces.<\/li><\/ul>\t\t\t\t\t\t<\/div>\n\t\t\t\t<\/div>\n\t\t\t\t\t<\/div>\n\t\t<\/div>\n\t\t\t\t\t<\/div>\n\t\t<\/section>\n\t\t\t\t<\/div>","protected":false},"excerpt":{"rendered":"<p>Service &#8211; Reparaturen Reparaturen an Holz- und Blechblasinstrumenten Neben der Anfertigung von Instrumente In unserer Werkstatt, bieten wir auch fachm\u00e4nnische Reparaturen an Holz- und Blechblasinstrumenten an. Von kleinen L\u00f6tarbeiten, \u00fcber Ausbeularbeiten und \u00dcberholung von Mechaniken und Ventilen bis hin zu kompletten General\u00fcberholungen, incl. Neulackierungen, Neupolstern und Richten von Mechaniken von Holzblasinstrumenten umfasst unser kompetenten Service [&hellip;]<\/p>","protected":false},"author":1,"featured_media":0,"parent":35,"menu_order":0,"comment_status":"closed","ping_status":"closed","template":"","meta":{"_monsterinsights_skip_tracking":false,"_monsterinsights_sitenote_active":false,"_monsterinsights_sitenote_note":"","_monsterinsights_sitenote_category":0,"footnotes":""},"yoast_head":"<!-- This site is optimized with the Yoast SEO plugin v20.13 - https:\/\/yoast.com\/wordpress\/plugins\/seo\/ -->\n<title>Reparaturen - Finke Horne Reparaturservice f\u00fcr Ihr Instrument<\/title>\n<meta name=\"description\" content=\"Ihr Horn hat eine Delle oder muss gel\u00f6tet werden? Bei Reparaturen helfen wir Ihnen gern! Reparaturen f\u00fcr Holz und Blechblasinstrumente\" \/>\n<meta name=\"robots\" content=\"index, follow, max-snippet:-1, max-image-preview:large, max-video-preview:-1\" \/>\n<link rel=\"canonical\" href=\"https:\/\/finkehorns.de\/en\/metallblasinstrumente-von-finke-horns\/service\/reparaturservice\/\" \/>\n<meta property=\"og:locale\" content=\"en_US\" \/>\n<meta property=\"og:type\" content=\"article\" \/>\n<meta property=\"og:title\" content=\"Reparaturen - Finke Horne Reparaturservice f\u00fcr Ihr Instrument\" \/>\n<meta property=\"og:description\" content=\"Ihr Horn hat eine Delle oder muss gel\u00f6tet werden? Bei Reparaturen helfen wir Ihnen gern! Reparaturen f\u00fcr Holz und Blechblasinstrumente\" \/>\n<meta property=\"og:url\" content=\"https:\/\/finkehorns.de\/en\/metallblasinstrumente-von-finke-horns\/service\/reparaturservice\/\" \/>\n<meta property=\"og:site_name\" content=\"finkehorns.de\" \/>\n<meta property=\"article:modified_time\" content=\"2024-09-09T11:17:08+00:00\" \/>\n<meta property=\"og:image\" content=\"http:\/\/finkehorns.de\/wp-content\/uploads\/elementor\/thumbs\/Finkehorn-logo-Finkehorns-Metallblasinstrumente-01042021-phuct7wqa2bdyfjgyb5niwl15bdifxu7nm3he27too.png\" \/>\n<meta name=\"twitter:card\" content=\"summary_large_image\" \/>\n<script type=\"application\/ld+json\" class=\"yoast-schema-graph\">{\"@context\":\"https:\/\/schema.org\",\"@graph\":[{\"@type\":\"WebPage\",\"@id\":\"https:\/\/finkehorns.de\/metallblasinstrumente-von-finke-horns\/service\/reparaturservice\/\",\"url\":\"https:\/\/finkehorns.de\/metallblasinstrumente-von-finke-horns\/service\/reparaturservice\/\",\"name\":\"Reparaturen - Finke Horne Reparaturservice f\u00fcr Ihr Instrument\",\"isPartOf\":{\"@id\":\"https:\/\/finkehorns.de\/#website\"},\"datePublished\":\"2020-10-26T17:11:47+00:00\",\"dateModified\":\"2024-09-09T11:17:08+00:00\",\"description\":\"Ihr Horn hat eine Delle oder muss gel\u00f6tet werden? Bei Reparaturen helfen wir Ihnen gern! Reparaturen f\u00fcr Holz und Blechblasinstrumente\",\"breadcrumb\":{\"@id\":\"https:\/\/finkehorns.de\/metallblasinstrumente-von-finke-horns\/service\/reparaturservice\/#breadcrumb\"},\"inLanguage\":\"en-US\",\"potentialAction\":[{\"@type\":\"ReadAction\",\"target\":[\"https:\/\/finkehorns.de\/metallblasinstrumente-von-finke-horns\/service\/reparaturservice\/\"]}]},{\"@type\":\"BreadcrumbList\",\"@id\":\"https:\/\/finkehorns.de\/metallblasinstrumente-von-finke-horns\/service\/reparaturservice\/#breadcrumb\",\"itemListElement\":[{\"@type\":\"ListItem\",\"position\":1,\"name\":\"Startseite\",\"item\":\"https:\/\/finkehorns.de\/\"},{\"@type\":\"ListItem\",\"position\":2,\"name\":\"Startseite\",\"item\":\"https:\/\/finkehorns.de\/\"},{\"@type\":\"ListItem\",\"position\":3,\"name\":\"Service\",\"item\":\"https:\/\/finkehorns.de\/metallblasinstrumente-von-finke-horns\/service\/\"},{\"@type\":\"ListItem\",\"position\":4,\"name\":\"Reparaturservice\"}]},{\"@type\":\"WebSite\",\"@id\":\"https:\/\/finkehorns.de\/#website\",\"url\":\"https:\/\/finkehorns.de\/\",\"name\":\"finkehorns.de\",\"description\":\"Tradition with Progress\",\"publisher\":{\"@id\":\"https:\/\/finkehorns.de\/#organization\"},\"potentialAction\":[{\"@type\":\"SearchAction\",\"target\":{\"@type\":\"EntryPoint\",\"urlTemplate\":\"https:\/\/finkehorns.de\/?s={search_term_string}\"},\"query-input\":\"required name=search_term_string\"}],\"inLanguage\":\"en-US\"},{\"@type\":\"Organization\",\"@id\":\"https:\/\/finkehorns.de\/#organization\",\"name\":\"finkehorns.de\",\"url\":\"https:\/\/finkehorns.de\/\",\"logo\":{\"@type\":\"ImageObject\",\"inLanguage\":\"en-US\",\"@id\":\"https:\/\/finkehorns.de\/#\/schema\/logo\/image\/\",\"url\":\"https:\/\/finkehorns.de\/wp-content\/uploads\/2021\/04\/Finkehorn-logo-Finkehorns-Metallblasinstrumente-01042021.png\",\"contentUrl\":\"https:\/\/finkehorns.de\/wp-content\/uploads\/2021\/04\/Finkehorn-logo-Finkehorns-Metallblasinstrumente-01042021.png\",\"width\":4000,\"height\":4000,\"caption\":\"finkehorns.de\"},\"image\":{\"@id\":\"https:\/\/finkehorns.de\/#\/schema\/logo\/image\/\"}}]}<\/script>\n<!-- \/ Yoast SEO plugin. -->","yoast_head_json":{"title":"Reparaturen - Finke Horne Reparaturservice f\u00fcr Ihr Instrument","description":"Ihr Horn hat eine Delle oder muss gel\u00f6tet werden? Bei Reparaturen helfen wir Ihnen gern! Reparaturen f\u00fcr Holz und Blechblasinstrumente","robots":{"index":"index","follow":"follow","max-snippet":"max-snippet:-1","max-image-preview":"max-image-preview:large","max-video-preview":"max-video-preview:-1"},"canonical":"https:\/\/finkehorns.de\/en\/metallblasinstrumente-von-finke-horns\/service\/reparaturservice\/","og_locale":"en_US","og_type":"article","og_title":"Reparaturen - Finke Horne Reparaturservice f\u00fcr Ihr Instrument","og_description":"Ihr Horn hat eine Delle oder muss gel\u00f6tet werden? Bei Reparaturen helfen wir Ihnen gern! Reparaturen f\u00fcr Holz und Blechblasinstrumente","og_url":"https:\/\/finkehorns.de\/en\/metallblasinstrumente-von-finke-horns\/service\/reparaturservice\/","og_site_name":"finkehorns.de","article_modified_time":"2024-09-09T11:17:08+00:00","og_image":[{"url":"http:\/\/finkehorns.de\/wp-content\/uploads\/elementor\/thumbs\/Finkehorn-logo-Finkehorns-Metallblasinstrumente-01042021-phuct7wqa2bdyfjgyb5niwl15bdifxu7nm3he27too.png"}],"twitter_card":"summary_large_image","schema":{"@context":"https:\/\/schema.org","@graph":[{"@type":"WebPage","@id":"https:\/\/finkehorns.de\/metallblasinstrumente-von-finke-horns\/service\/reparaturservice\/","url":"https:\/\/finkehorns.de\/metallblasinstrumente-von-finke-horns\/service\/reparaturservice\/","name":"Reparaturen - Finke Horne Reparaturservice f\u00fcr Ihr Instrument","isPartOf":{"@id":"https:\/\/finkehorns.de\/#website"},"datePublished":"2020-10-26T17:11:47+00:00","dateModified":"2024-09-09T11:17:08+00:00","description":"Ihr Horn hat eine Delle oder muss gel\u00f6tet werden? Bei Reparaturen helfen wir Ihnen gern! Reparaturen f\u00fcr Holz und Blechblasinstrumente","breadcrumb":{"@id":"https:\/\/finkehorns.de\/metallblasinstrumente-von-finke-horns\/service\/reparaturservice\/#breadcrumb"},"inLanguage":"en-US","potentialAction":[{"@type":"ReadAction","target":["https:\/\/finkehorns.de\/metallblasinstrumente-von-finke-horns\/service\/reparaturservice\/"]}]},{"@type":"BreadcrumbList","@id":"https:\/\/finkehorns.de\/metallblasinstrumente-von-finke-horns\/service\/reparaturservice\/#breadcrumb","itemListElement":[{"@type":"ListItem","position":1,"name":"Startseite","item":"https:\/\/finkehorns.de\/"},{"@type":"ListItem","position":2,"name":"Startseite","item":"https:\/\/finkehorns.de\/"},{"@type":"ListItem","position":3,"name":"Service","item":"https:\/\/finkehorns.de\/metallblasinstrumente-von-finke-horns\/service\/"},{"@type":"ListItem","position":4,"name":"Reparaturservice"}]},{"@type":"WebSite","@id":"https:\/\/finkehorns.de\/#website","url":"https:\/\/finkehorns.de\/","name":"finkehorns.de","description":"Tradition with Progress","publisher":{"@id":"https:\/\/finkehorns.de\/#organization"},"potentialAction":[{"@type":"SearchAction","target":{"@type":"EntryPoint","urlTemplate":"https:\/\/finkehorns.de\/?s={search_term_string}"},"query-input":"required name=search_term_string"}],"inLanguage":"en-US"},{"@type":"Organization","@id":"https:\/\/finkehorns.de\/#organization","name":"finkehorns.de","url":"https:\/\/finkehorns.de\/","logo":{"@type":"ImageObject","inLanguage":"en-US","@id":"https:\/\/finkehorns.de\/#\/schema\/logo\/image\/","url":"https:\/\/finkehorns.de\/wp-content\/uploads\/2021\/04\/Finkehorn-logo-Finkehorns-Metallblasinstrumente-01042021.png","contentUrl":"https:\/\/finkehorns.de\/wp-content\/uploads\/2021\/04\/Finkehorn-logo-Finkehorns-Metallblasinstrumente-01042021.png","width":4000,"height":4000,"caption":"finkehorns.de"},"image":{"@id":"https:\/\/finkehorns.de\/#\/schema\/logo\/image\/"}}]}},"_links":{"self":[{"href":"https:\/\/finkehorns.de\/en\/wp-json\/wp\/v2\/pages\/2507"}],"collection":[{"href":"https:\/\/finkehorns.de\/en\/wp-json\/wp\/v2\/pages"}],"about":[{"href":"https:\/\/finkehorns.de\/en\/wp-json\/wp\/v2\/types\/page"}],"author":[{"embeddable":true,"href":"https:\/\/finkehorns.de\/en\/wp-json\/wp\/v2\/users\/1"}],"replies":[{"embeddable":true,"href":"https:\/\/finkehorns.de\/en\/wp-json\/wp\/v2\/comments?post=2507"}],"version-history":[{"count":10,"href":"https:\/\/finkehorns.de\/en\/wp-json\/wp\/v2\/pages\/2507\/revisions"}],"predecessor-version":[{"id":7268,"href":"https:\/\/finkehorns.de\/en\/wp-json\/wp\/v2\/pages\/2507\/revisions\/7268"}],"up":[{"embeddable":true,"href":"https:\/\/finkehorns.de\/en\/wp-json\/wp\/v2\/pages\/35"}],"wp:attachment":[{"href":"https:\/\/finkehorns.de\/en\/wp-json\/wp\/v2\/media?parent=2507"}],"curies":[{"name":"wp","href":"https:\/\/api.w.org\/{rel}","templated":true}]}}