{"id":13,"date":"2020-01-17T14:49:01","date_gmt":"2020-01-17T13:49:01","guid":{"rendered":"http:\/\/finkehorns.de\/?page_id=13"},"modified":"2024-09-09T13:09:46","modified_gmt":"2024-09-09T11:09:46","slug":"einfachhoerner","status":"publish","type":"page","link":"https:\/\/finkehorns.de\/en\/metallblasinstrumente-von-finke-horns\/produkte\/einfachhoerner\/","title":{"rendered":"Single Horns"},"content":{"rendered":"<div data-elementor-type=\"wp-page\" data-elementor-id=\"13\" class=\"elementor elementor-13\" data-elementor-post-type=\"page\">\n\t\t\t\t\t\t<section class=\"elementor-section elementor-top-section elementor-element elementor-element-7ee3772c elementor-section-height-min-height elementor-section-boxed elementor-section-height-default elementor-section-items-middle\" data-id=\"7ee3772c\" data-element_type=\"section\" data-settings=\"{&quot;background_background&quot;:&quot;classic&quot;}\">\n\t\t\t\t\t\t\t<div class=\"elementor-background-overlay\"><\/div>\n\t\t\t\t\t\t\t<div class=\"elementor-container elementor-column-gap-default\">\n\t\t\t\t\t<div class=\"elementor-column elementor-col-50 elementor-top-column elementor-element elementor-element-20d72e68\" data-id=\"20d72e68\" data-element_type=\"column\">\n\t\t\t<div class=\"elementor-widget-wrap elementor-element-populated\">\n\t\t\t\t\t\t<div class=\"elementor-element elementor-element-2feccf5 animated-slow elementor-widget elementor-widget-image\" data-id=\"2feccf5\" data-element_type=\"widget\" data-settings=\"{&quot;_animation&quot;:&quot;none&quot;,&quot;_animation_delay&quot;:200,&quot;_animation_mobile&quot;:&quot;none&quot;}\" data-widget_type=\"image.default\">\n\t\t\t\t<div class=\"elementor-widget-container\">\n\t\t\t\t\t\t\t\t\t\t\t\t\t\t<a href=\"https:\/\/finkehorns.de\/en\/\">\n\t\t\t\t\t\t\t<img decoding=\"async\" src=\"https:\/\/finkehorns.de\/wp-content\/uploads\/2021\/04\/Finkehorn-logo-Finkehorns-Metallblasinstrumente-01042021.png\" title=\"Finkehorn-logo-Finkehorns-Metallblasinstrumente-01042021\" alt=\"Finkehorn-logo-Finkehorns-Metallblasinstrumente-01042021\" loading=\"lazy\" \/>\t\t\t\t\t\t\t\t<\/a>\n\t\t\t\t\t\t\t\t\t\t\t\t\t<\/div>\n\t\t\t\t<\/div>\n\t\t\t\t\t<\/div>\n\t\t<\/div>\n\t\t\t\t<div class=\"elementor-column elementor-col-50 elementor-top-column elementor-element elementor-element-1b35d438\" data-id=\"1b35d438\" data-element_type=\"column\">\n\t\t\t<div class=\"elementor-widget-wrap elementor-element-populated\">\n\t\t\t\t\t\t<div class=\"elementor-element elementor-element-75ca0af7 animated-slow elementor-widget elementor-widget-heading\" data-id=\"75ca0af7\" data-element_type=\"widget\" data-settings=\"{&quot;_animation&quot;:&quot;none&quot;,&quot;_animation_delay&quot;:200}\" data-widget_type=\"heading.default\">\n\t\t\t\t<div class=\"elementor-widget-container\">\n\t\t\t<h1 class=\"elementor-heading-title elementor-size-default\">Single Horns<\/h1>\t\t<\/div>\n\t\t\t\t<\/div>\n\t\t\t\t<div class=\"elementor-element elementor-element-63eb4df elementor-widget__width-auto elementor-absolute elementor-widget elementor-widget-menu-anchor\" data-id=\"63eb4df\" data-element_type=\"widget\" data-settings=\"{&quot;_position&quot;:&quot;absolute&quot;}\" data-widget_type=\"menu-anchor.default\">\n\t\t\t\t<div class=\"elementor-widget-container\">\n\t\t\t\t\t<div class=\"elementor-menu-anchor\" id=\"home\"><\/div>\n\t\t\t\t<\/div>\n\t\t\t\t<\/div>\n\t\t\t\t<div class=\"elementor-element elementor-element-1a6d0eac animated-slow elementor-widget-divider--view-line elementor-widget elementor-widget-divider\" data-id=\"1a6d0eac\" data-element_type=\"widget\" data-settings=\"{&quot;_animation&quot;:&quot;none&quot;,&quot;_animation_delay&quot;:400}\" data-widget_type=\"divider.default\">\n\t\t\t\t<div class=\"elementor-widget-container\">\n\t\t\t\t\t<div class=\"elementor-divider\">\n\t\t\t<span class=\"elementor-divider-separator\">\n\t\t\t\t\t\t<\/span>\n\t\t<\/div>\n\t\t\t\t<\/div>\n\t\t\t\t<\/div>\n\t\t\t\t\t<\/div>\n\t\t<\/div>\n\t\t\t\t\t<\/div>\n\t\t<\/section>\n\t\t\t\t<section class=\"elementor-section elementor-top-section elementor-element elementor-element-38cbe6e elementor-section-full_width elementor-section-height-min-height elementor-section-items-stretch elementor-section-content-middle elementor-reverse-mobile elementor-section-height-default\" data-id=\"38cbe6e\" data-element_type=\"section\" data-settings=\"{&quot;background_background&quot;:&quot;classic&quot;}\">\n\t\t\t\t\t\t<div class=\"elementor-container elementor-column-gap-no\">\n\t\t\t\t\t<div class=\"elementor-column elementor-col-100 elementor-top-column elementor-element elementor-element-f843aea\" data-id=\"f843aea\" data-element_type=\"column\" data-settings=\"{&quot;background_background&quot;:&quot;none&quot;}\">\n\t\t\t<div class=\"elementor-widget-wrap elementor-element-populated\">\n\t\t\t\t\t\t<div class=\"elementor-element elementor-element-bca3b8f animated-slow elementor-widget elementor-widget-heading\" data-id=\"bca3b8f\" data-element_type=\"widget\" data-settings=\"{&quot;_animation&quot;:&quot;none&quot;,&quot;_animation_mobile&quot;:&quot;none&quot;}\" data-widget_type=\"heading.default\">\n\t\t\t\t<div class=\"elementor-widget-container\">\n\t\t\t<h3 class=\"elementor-heading-title elementor-size-default\">Unsere Einfachh\u00f6rner<\/h3>\t\t<\/div>\n\t\t\t\t<\/div>\n\t\t\t\t<div class=\"elementor-element elementor-element-cdef671 animated-slow elementor-widget-divider--view-line elementor-widget elementor-widget-divider\" data-id=\"cdef671\" data-element_type=\"widget\" data-settings=\"{&quot;_animation&quot;:&quot;none&quot;,&quot;_animation_delay&quot;:200,&quot;_animation_mobile&quot;:&quot;none&quot;}\" data-widget_type=\"divider.default\">\n\t\t\t\t<div class=\"elementor-widget-container\">\n\t\t\t\t\t<div class=\"elementor-divider\">\n\t\t\t<span class=\"elementor-divider-separator\">\n\t\t\t\t\t\t<\/span>\n\t\t<\/div>\n\t\t\t\t<\/div>\n\t\t\t\t<\/div>\n\t\t\t\t<div class=\"elementor-element elementor-element-baaa579 animated-slow elementor-widget elementor-widget-text-editor\" data-id=\"baaa579\" data-element_type=\"widget\" data-settings=\"{&quot;_animation&quot;:&quot;none&quot;,&quot;_animation_delay&quot;:400,&quot;_animation_mobile&quot;:&quot;none&quot;}\" data-widget_type=\"text-editor.default\">\n\t\t\t\t<div class=\"elementor-widget-container\">\n\t\t\t\t\t\t\t<p>Entdecken Sie unseren erstklassigen Einfachh\u00f6rner in vier verschiedenen Ausf\u00fchrungen.<\/p>\t\t\t\t\t\t<\/div>\n\t\t\t\t<\/div>\n\t\t\t\t\t<\/div>\n\t\t<\/div>\n\t\t\t\t\t<\/div>\n\t\t<\/section>\n\t\t\t\t<section class=\"elementor-section elementor-top-section elementor-element elementor-element-6c1c51bf elementor-section-height-min-height elementor-section-items-stretch elementor-section-content-middle elementor-reverse-mobile elementor-section-boxed elementor-section-height-default\" data-id=\"6c1c51bf\" data-element_type=\"section\" data-settings=\"{&quot;background_background&quot;:&quot;classic&quot;}\">\n\t\t\t\t\t\t<div class=\"elementor-container elementor-column-gap-no\">\n\t\t\t\t\t<div class=\"elementor-column elementor-col-25 elementor-top-column elementor-element elementor-element-7d002fbf\" data-id=\"7d002fbf\" data-element_type=\"column\" data-settings=\"{&quot;background_background&quot;:&quot;none&quot;}\">\n\t\t\t<div class=\"elementor-widget-wrap elementor-element-populated\">\n\t\t\t\t\t\t<div class=\"elementor-element elementor-element-c7fe129 elementor-widget elementor-widget-image\" data-id=\"c7fe129\" data-element_type=\"widget\" data-widget_type=\"image.default\">\n\t\t\t\t<div class=\"elementor-widget-container\">\n\t\t\t\t\t\t\t\t\t\t<figure class=\"wp-caption\">\n\t\t\t\t\t\t\t\t\t\t\t<a href=\"https:\/\/finkehorns.de\/en\/startseite\/produkte\/einfachhoerner\/b-horn-34-ventile\/\">\n\t\t\t\t\t\t\t<img decoding=\"async\" src=\"https:\/\/finkehorns.de\/wp-content\/uploads\/2021\/03\/B-Horn3Ventile.jpg\" title=\"B-Horn,3Ventile\" alt=\"B-Horn,3Ventile\" loading=\"lazy\" \/>\t\t\t\t\t\t\t\t<\/a>\n\t\t\t\t\t\t\t\t\t\t\t<figcaption class=\"widget-image-caption wp-caption-text\">B-Einfachh\u00f6rner 3\/4 Ventile<\/figcaption>\n\t\t\t\t\t\t\t\t\t\t<\/figure>\n\t\t\t\t\t\t\t<\/div>\n\t\t\t\t<\/div>\n\t\t\t\t\t<\/div>\n\t\t<\/div>\n\t\t\t\t<div class=\"elementor-column elementor-col-25 elementor-top-column elementor-element elementor-element-1910a0b\" data-id=\"1910a0b\" data-element_type=\"column\" data-settings=\"{&quot;background_background&quot;:&quot;none&quot;}\">\n\t\t\t<div class=\"elementor-widget-wrap elementor-element-populated\">\n\t\t\t\t\t\t<div class=\"elementor-element elementor-element-10f8a0b elementor-widget elementor-widget-image\" data-id=\"10f8a0b\" data-element_type=\"widget\" data-widget_type=\"image.default\">\n\t\t\t\t<div class=\"elementor-widget-container\">\n\t\t\t\t\t\t\t\t\t\t<figure class=\"wp-caption\">\n\t\t\t\t\t\t\t\t\t\t\t<a href=\"https:\/\/finkehorns.de\/en\/startseite\/produkte\/einfachhoerner\/b-horn-5-ventile\/\">\n\t\t\t\t\t\t\t<img decoding=\"async\" src=\"https:\/\/finkehorns.de\/wp-content\/uploads\/2021\/03\/B-Horn-mit-C-Ventil.jpg\" title=\"B-Horn mit C-Ventil\" alt=\"B-Horn mit C-Ventil\" loading=\"lazy\" \/>\t\t\t\t\t\t\t\t<\/a>\n\t\t\t\t\t\t\t\t\t\t\t<figcaption class=\"widget-image-caption wp-caption-text\">B-Einfachh\u00f6rner 5 Ventile<\/figcaption>\n\t\t\t\t\t\t\t\t\t\t<\/figure>\n\t\t\t\t\t\t\t<\/div>\n\t\t\t\t<\/div>\n\t\t\t\t\t<\/div>\n\t\t<\/div>\n\t\t\t\t<div class=\"elementor-column elementor-col-25 elementor-top-column elementor-element elementor-element-af051aa\" data-id=\"af051aa\" data-element_type=\"column\" data-settings=\"{&quot;background_background&quot;:&quot;none&quot;}\">\n\t\t\t<div class=\"elementor-widget-wrap elementor-element-populated\">\n\t\t\t\t\t\t<div class=\"elementor-element elementor-element-78cd4e4 elementor-widget elementor-widget-image\" data-id=\"78cd4e4\" data-element_type=\"widget\" data-widget_type=\"image.default\">\n\t\t\t\t<div class=\"elementor-widget-container\">\n\t\t\t\t\t\t\t\t\t\t<figure class=\"wp-caption\">\n\t\t\t\t\t\t\t\t\t\t\t<a href=\"https:\/\/finkehorns.de\/en\/startseite\/produkte\/einfachhoerner\/b-kinderhorn\/\">\n\t\t\t\t\t\t\t<img decoding=\"async\" src=\"https:\/\/finkehorns.de\/wp-content\/uploads\/2020\/01\/Kinderhorn-finke-horn-einfachhorn-1.jpg\" title=\"Kinderhorn-finke-horn-einfachhorn\" alt=\"Kinderhorn-finke-horn-einfachhorn\" loading=\"lazy\" \/>\t\t\t\t\t\t\t\t<\/a>\n\t\t\t\t\t\t\t\t\t\t\t<figcaption class=\"widget-image-caption wp-caption-text\">Compact horns<\/figcaption>\n\t\t\t\t\t\t\t\t\t\t<\/figure>\n\t\t\t\t\t\t\t<\/div>\n\t\t\t\t<\/div>\n\t\t\t\t\t<\/div>\n\t\t<\/div>\n\t\t\t\t<div class=\"elementor-column elementor-col-25 elementor-top-column elementor-element elementor-element-239016f\" data-id=\"239016f\" data-element_type=\"column\" data-settings=\"{&quot;background_background&quot;:&quot;none&quot;}\">\n\t\t\t<div class=\"elementor-widget-wrap elementor-element-populated\">\n\t\t\t\t\t\t<div class=\"elementor-element elementor-element-5b1de67 elementor-widget elementor-widget-image\" data-id=\"5b1de67\" data-element_type=\"widget\" data-widget_type=\"image.default\">\n\t\t\t\t<div class=\"elementor-widget-container\">\n\t\t\t\t\t\t\t\t\t\t<figure class=\"wp-caption\">\n\t\t\t\t\t\t\t\t\t\t\t<a href=\"https:\/\/finkehorns.de\/en\/startseite\/produkte\/einfachhoerner\/diskanthoerner\/\">\n\t\t\t\t\t\t\t<img decoding=\"async\" src=\"https:\/\/finkehorns.de\/wp-content\/uploads\/2020\/01\/einfachhorn-hoch-g-f-horn-1.jpg\" title=\"einfachhorn-hoch-g\/f-horn\" alt=\"Hoch-G\/F Diskanthorn von Finke\" loading=\"lazy\" \/>\t\t\t\t\t\t\t\t<\/a>\n\t\t\t\t\t\t\t\t\t\t\t<figcaption class=\"widget-image-caption wp-caption-text\">Descant horns<\/figcaption>\n\t\t\t\t\t\t\t\t\t\t<\/figure>\n\t\t\t\t\t\t\t<\/div>\n\t\t\t\t<\/div>\n\t\t\t\t\t<\/div>\n\t\t<\/div>\n\t\t\t\t\t<\/div>\n\t\t<\/section>\n\t\t\t\t<\/div>","protected":false},"excerpt":{"rendered":"<p>Einfachh\u00f6rner Unsere Einfachh\u00f6rner Entdecken Sie unseren erstklassigen Einfachh\u00f6rner in vier verschiedenen Ausf\u00fchrungen. B-Einfachh\u00f6rner 3\/4 Ventile B-Einfachh\u00f6rner 5 Ventile Kinderh\u00f6rner Diskanth\u00f6rner<\/p>","protected":false},"author":1,"featured_media":0,"parent":33,"menu_order":0,"comment_status":"closed","ping_status":"closed","template":"","meta":{"_monsterinsights_skip_tracking":false,"_monsterinsights_sitenote_active":false,"_monsterinsights_sitenote_note":"","_monsterinsights_sitenote_category":0,"footnotes":""},"yoast_head":"<!-- This site is optimized with the Yoast SEO plugin v20.13 - https:\/\/yoast.com\/wordpress\/plugins\/seo\/ -->\n<title>Einfachh\u00f6rner von Finke Horns- erstklassige Metallblasinstrumente<\/title>\n<meta name=\"description\" content=\"Klangvolle Einfachh\u00f6rner von Finke Horns. Unsere Einfachh\u00f6rner von Finke Horns \u00dcberzeugen durch Klang und einer einfachen Handhabung.\" \/>\n<meta name=\"robots\" content=\"index, follow, max-snippet:-1, max-image-preview:large, max-video-preview:-1\" \/>\n<link rel=\"canonical\" href=\"https:\/\/finkehorns.de\/en\/metallblasinstrumente-von-finke-horns\/produkte\/einfachhoerner\/\" \/>\n<meta property=\"og:locale\" content=\"en_US\" \/>\n<meta property=\"og:type\" content=\"article\" \/>\n<meta property=\"og:title\" content=\"Einfachh\u00f6rner von Finke Horns- erstklassige Metallblasinstrumente\" \/>\n<meta property=\"og:description\" content=\"Klangvolle Einfachh\u00f6rner von Finke Horns. Unsere Einfachh\u00f6rner von Finke Horns \u00dcberzeugen durch Klang und einer einfachen Handhabung.\" \/>\n<meta property=\"og:url\" content=\"https:\/\/finkehorns.de\/en\/metallblasinstrumente-von-finke-horns\/produkte\/einfachhoerner\/\" \/>\n<meta property=\"og:site_name\" content=\"finkehorns.de\" \/>\n<meta property=\"article:modified_time\" content=\"2024-09-09T11:09:46+00:00\" \/>\n<meta property=\"og:image\" content=\"http:\/\/finkehorns.de\/wp-content\/uploads\/elementor\/thumbs\/Finkehorn-logo-Finkehorns-Metallblasinstrumente-01042021-phuct7wqa2bdyfjgyb5niwl15bdifxu7nm3he27too.png\" \/>\n<meta name=\"twitter:card\" content=\"summary_large_image\" \/>\n<meta name=\"twitter:label1\" content=\"Est. reading time\" \/>\n\t<meta name=\"twitter:data1\" content=\"2 minutes\" \/>\n<script type=\"application\/ld+json\" class=\"yoast-schema-graph\">{\"@context\":\"https:\/\/schema.org\",\"@graph\":[{\"@type\":\"WebPage\",\"@id\":\"https:\/\/finkehorns.de\/metallblasinstrumente-von-finke-horns\/produkte\/einfachhoerner\/\",\"url\":\"https:\/\/finkehorns.de\/metallblasinstrumente-von-finke-horns\/produkte\/einfachhoerner\/\",\"name\":\"Einfachh\u00f6rner von Finke Horns- erstklassige Metallblasinstrumente\",\"isPartOf\":{\"@id\":\"https:\/\/finkehorns.de\/#website\"},\"datePublished\":\"2020-01-17T13:49:01+00:00\",\"dateModified\":\"2024-09-09T11:09:46+00:00\",\"description\":\"Klangvolle Einfachh\u00f6rner von Finke Horns. Unsere Einfachh\u00f6rner von Finke Horns \u00dcberzeugen durch Klang und einer einfachen Handhabung.\",\"breadcrumb\":{\"@id\":\"https:\/\/finkehorns.de\/metallblasinstrumente-von-finke-horns\/produkte\/einfachhoerner\/#breadcrumb\"},\"inLanguage\":\"en-US\",\"potentialAction\":[{\"@type\":\"ReadAction\",\"target\":[\"https:\/\/finkehorns.de\/metallblasinstrumente-von-finke-horns\/produkte\/einfachhoerner\/\"]}]},{\"@type\":\"BreadcrumbList\",\"@id\":\"https:\/\/finkehorns.de\/metallblasinstrumente-von-finke-horns\/produkte\/einfachhoerner\/#breadcrumb\",\"itemListElement\":[{\"@type\":\"ListItem\",\"position\":1,\"name\":\"Startseite\",\"item\":\"https:\/\/finkehorns.de\/\"},{\"@type\":\"ListItem\",\"position\":2,\"name\":\"Startseite\",\"item\":\"https:\/\/finkehorns.de\/\"},{\"@type\":\"ListItem\",\"position\":3,\"name\":\"Produkte\",\"item\":\"https:\/\/finkehorns.de\/metallblasinstrumente-von-finke-horns\/produkte\/\"},{\"@type\":\"ListItem\",\"position\":4,\"name\":\"Einfachh\u00f6rner\"}]},{\"@type\":\"WebSite\",\"@id\":\"https:\/\/finkehorns.de\/#website\",\"url\":\"https:\/\/finkehorns.de\/\",\"name\":\"finkehorns.de\",\"description\":\"Tradition with Progress\",\"publisher\":{\"@id\":\"https:\/\/finkehorns.de\/#organization\"},\"potentialAction\":[{\"@type\":\"SearchAction\",\"target\":{\"@type\":\"EntryPoint\",\"urlTemplate\":\"https:\/\/finkehorns.de\/?s={search_term_string}\"},\"query-input\":\"required name=search_term_string\"}],\"inLanguage\":\"en-US\"},{\"@type\":\"Organization\",\"@id\":\"https:\/\/finkehorns.de\/#organization\",\"name\":\"finkehorns.de\",\"url\":\"https:\/\/finkehorns.de\/\",\"logo\":{\"@type\":\"ImageObject\",\"inLanguage\":\"en-US\",\"@id\":\"https:\/\/finkehorns.de\/#\/schema\/logo\/image\/\",\"url\":\"https:\/\/finkehorns.de\/wp-content\/uploads\/2021\/04\/Finkehorn-logo-Finkehorns-Metallblasinstrumente-01042021.png\",\"contentUrl\":\"https:\/\/finkehorns.de\/wp-content\/uploads\/2021\/04\/Finkehorn-logo-Finkehorns-Metallblasinstrumente-01042021.png\",\"width\":4000,\"height\":4000,\"caption\":\"finkehorns.de\"},\"image\":{\"@id\":\"https:\/\/finkehorns.de\/#\/schema\/logo\/image\/\"}}]}<\/script>\n<!-- \/ Yoast SEO plugin. -->","yoast_head_json":{"title":"Einfachh\u00f6rner von Finke Horns- erstklassige Metallblasinstrumente","description":"Klangvolle Einfachh\u00f6rner von Finke Horns. Unsere Einfachh\u00f6rner von Finke Horns \u00dcberzeugen durch Klang und einer einfachen Handhabung.","robots":{"index":"index","follow":"follow","max-snippet":"max-snippet:-1","max-image-preview":"max-image-preview:large","max-video-preview":"max-video-preview:-1"},"canonical":"https:\/\/finkehorns.de\/en\/metallblasinstrumente-von-finke-horns\/produkte\/einfachhoerner\/","og_locale":"en_US","og_type":"article","og_title":"Einfachh\u00f6rner von Finke Horns- erstklassige Metallblasinstrumente","og_description":"Klangvolle Einfachh\u00f6rner von Finke Horns. Unsere Einfachh\u00f6rner von Finke Horns \u00dcberzeugen durch Klang und einer einfachen Handhabung.","og_url":"https:\/\/finkehorns.de\/en\/metallblasinstrumente-von-finke-horns\/produkte\/einfachhoerner\/","og_site_name":"finkehorns.de","article_modified_time":"2024-09-09T11:09:46+00:00","og_image":[{"url":"http:\/\/finkehorns.de\/wp-content\/uploads\/elementor\/thumbs\/Finkehorn-logo-Finkehorns-Metallblasinstrumente-01042021-phuct7wqa2bdyfjgyb5niwl15bdifxu7nm3he27too.png"}],"twitter_card":"summary_large_image","twitter_misc":{"Est. reading time":"2 minutes"},"schema":{"@context":"https:\/\/schema.org","@graph":[{"@type":"WebPage","@id":"https:\/\/finkehorns.de\/metallblasinstrumente-von-finke-horns\/produkte\/einfachhoerner\/","url":"https:\/\/finkehorns.de\/metallblasinstrumente-von-finke-horns\/produkte\/einfachhoerner\/","name":"Einfachh\u00f6rner von Finke Horns- erstklassige Metallblasinstrumente","isPartOf":{"@id":"https:\/\/finkehorns.de\/#website"},"datePublished":"2020-01-17T13:49:01+00:00","dateModified":"2024-09-09T11:09:46+00:00","description":"Klangvolle Einfachh\u00f6rner von Finke Horns. Unsere Einfachh\u00f6rner von Finke Horns \u00dcberzeugen durch Klang und einer einfachen Handhabung.","breadcrumb":{"@id":"https:\/\/finkehorns.de\/metallblasinstrumente-von-finke-horns\/produkte\/einfachhoerner\/#breadcrumb"},"inLanguage":"en-US","potentialAction":[{"@type":"ReadAction","target":["https:\/\/finkehorns.de\/metallblasinstrumente-von-finke-horns\/produkte\/einfachhoerner\/"]}]},{"@type":"BreadcrumbList","@id":"https:\/\/finkehorns.de\/metallblasinstrumente-von-finke-horns\/produkte\/einfachhoerner\/#breadcrumb","itemListElement":[{"@type":"ListItem","position":1,"name":"Startseite","item":"https:\/\/finkehorns.de\/"},{"@type":"ListItem","position":2,"name":"Startseite","item":"https:\/\/finkehorns.de\/"},{"@type":"ListItem","position":3,"name":"Produkte","item":"https:\/\/finkehorns.de\/metallblasinstrumente-von-finke-horns\/produkte\/"},{"@type":"ListItem","position":4,"name":"Einfachh\u00f6rner"}]},{"@type":"WebSite","@id":"https:\/\/finkehorns.de\/#website","url":"https:\/\/finkehorns.de\/","name":"finkehorns.de","description":"Tradition with Progress","publisher":{"@id":"https:\/\/finkehorns.de\/#organization"},"potentialAction":[{"@type":"SearchAction","target":{"@type":"EntryPoint","urlTemplate":"https:\/\/finkehorns.de\/?s={search_term_string}"},"query-input":"required name=search_term_string"}],"inLanguage":"en-US"},{"@type":"Organization","@id":"https:\/\/finkehorns.de\/#organization","name":"finkehorns.de","url":"https:\/\/finkehorns.de\/","logo":{"@type":"ImageObject","inLanguage":"en-US","@id":"https:\/\/finkehorns.de\/#\/schema\/logo\/image\/","url":"https:\/\/finkehorns.de\/wp-content\/uploads\/2021\/04\/Finkehorn-logo-Finkehorns-Metallblasinstrumente-01042021.png","contentUrl":"https:\/\/finkehorns.de\/wp-content\/uploads\/2021\/04\/Finkehorn-logo-Finkehorns-Metallblasinstrumente-01042021.png","width":4000,"height":4000,"caption":"finkehorns.de"},"image":{"@id":"https:\/\/finkehorns.de\/#\/schema\/logo\/image\/"}}]}},"_links":{"self":[{"href":"https:\/\/finkehorns.de\/en\/wp-json\/wp\/v2\/pages\/13"}],"collection":[{"href":"https:\/\/finkehorns.de\/en\/wp-json\/wp\/v2\/pages"}],"about":[{"href":"https:\/\/finkehorns.de\/en\/wp-json\/wp\/v2\/types\/page"}],"author":[{"embeddable":true,"href":"https:\/\/finkehorns.de\/en\/wp-json\/wp\/v2\/users\/1"}],"replies":[{"embeddable":true,"href":"https:\/\/finkehorns.de\/en\/wp-json\/wp\/v2\/comments?post=13"}],"version-history":[{"count":10,"href":"https:\/\/finkehorns.de\/en\/wp-json\/wp\/v2\/pages\/13\/revisions"}],"predecessor-version":[{"id":7220,"href":"https:\/\/finkehorns.de\/en\/wp-json\/wp\/v2\/pages\/13\/revisions\/7220"}],"up":[{"embeddable":true,"href":"https:\/\/finkehorns.de\/en\/wp-json\/wp\/v2\/pages\/33"}],"wp:attachment":[{"href":"https:\/\/finkehorns.de\/en\/wp-json\/wp\/v2\/media?parent=13"}],"curies":[{"name":"wp","href":"https:\/\/api.w.org\/{rel}","templated":true}]}}