{"id":11,"date":"2020-01-17T14:48:44","date_gmt":"2020-01-17T13:48:44","guid":{"rendered":"http:\/\/finkehorns.de\/?page_id=11"},"modified":"2024-09-09T13:10:21","modified_gmt":"2024-09-09T11:10:21","slug":"doppelhorn","status":"publish","type":"page","link":"https:\/\/finkehorns.de\/en\/metallblasinstrumente-von-finke-horns\/produkte\/doppelhorn\/","title":{"rendered":"Double Horns"},"content":{"rendered":"<div data-elementor-type=\"wp-page\" data-elementor-id=\"11\" class=\"elementor elementor-11\" data-elementor-post-type=\"page\">\n\t\t\t\t\t\t<section class=\"elementor-section elementor-top-section elementor-element elementor-element-666bb162 elementor-section-height-min-height elementor-section-boxed elementor-section-height-default elementor-section-items-middle\" data-id=\"666bb162\" data-element_type=\"section\" data-settings=\"{&quot;background_background&quot;:&quot;classic&quot;}\">\n\t\t\t\t\t\t\t<div class=\"elementor-background-overlay\"><\/div>\n\t\t\t\t\t\t\t<div class=\"elementor-container elementor-column-gap-default\">\n\t\t\t\t\t<div class=\"elementor-column elementor-col-50 elementor-top-column elementor-element elementor-element-5fef3860\" data-id=\"5fef3860\" data-element_type=\"column\">\n\t\t\t<div class=\"elementor-widget-wrap elementor-element-populated\">\n\t\t\t\t\t\t<div class=\"elementor-element elementor-element-073bab3 animated-slow elementor-widget elementor-widget-image\" data-id=\"073bab3\" data-element_type=\"widget\" data-settings=\"{&quot;_animation&quot;:&quot;none&quot;,&quot;_animation_delay&quot;:200,&quot;_animation_mobile&quot;:&quot;none&quot;}\" data-widget_type=\"image.default\">\n\t\t\t\t<div class=\"elementor-widget-container\">\n\t\t\t\t\t\t\t\t\t\t\t\t\t\t<a href=\"https:\/\/finkehorns.de\/en\/\">\n\t\t\t\t\t\t\t<img decoding=\"async\" src=\"https:\/\/finkehorns.de\/wp-content\/uploads\/2021\/04\/Finkehorn-logo-Finkehorns-Metallblasinstrumente-01042021.png\" title=\"Finkehorn-logo-Finkehorns-Metallblasinstrumente-01042021\" alt=\"Finkehorn-logo-Finkehorns-Metallblasinstrumente-01042021\" loading=\"lazy\" \/>\t\t\t\t\t\t\t\t<\/a>\n\t\t\t\t\t\t\t\t\t\t\t\t\t<\/div>\n\t\t\t\t<\/div>\n\t\t\t\t\t<\/div>\n\t\t<\/div>\n\t\t\t\t<div class=\"elementor-column elementor-col-50 elementor-top-column elementor-element elementor-element-279d2c57\" data-id=\"279d2c57\" data-element_type=\"column\">\n\t\t\t<div class=\"elementor-widget-wrap elementor-element-populated\">\n\t\t\t\t\t\t<div class=\"elementor-element elementor-element-72063f0d animated-slow elementor-widget elementor-widget-heading\" data-id=\"72063f0d\" data-element_type=\"widget\" data-settings=\"{&quot;_animation&quot;:&quot;none&quot;,&quot;_animation_delay&quot;:200}\" data-widget_type=\"heading.default\">\n\t\t\t\t<div class=\"elementor-widget-container\">\n\t\t\t<h1 class=\"elementor-heading-title elementor-size-default\">Double Horns<\/h1>\t\t<\/div>\n\t\t\t\t<\/div>\n\t\t\t\t<div class=\"elementor-element elementor-element-cbb776f elementor-widget__width-auto elementor-absolute elementor-widget elementor-widget-menu-anchor\" data-id=\"cbb776f\" data-element_type=\"widget\" data-settings=\"{&quot;_position&quot;:&quot;absolute&quot;}\" data-widget_type=\"menu-anchor.default\">\n\t\t\t\t<div class=\"elementor-widget-container\">\n\t\t\t\t\t<div class=\"elementor-menu-anchor\" id=\"home\"><\/div>\n\t\t\t\t<\/div>\n\t\t\t\t<\/div>\n\t\t\t\t<div class=\"elementor-element elementor-element-779f58ff animated-slow elementor-widget-divider--view-line elementor-widget elementor-widget-divider\" data-id=\"779f58ff\" data-element_type=\"widget\" data-settings=\"{&quot;_animation&quot;:&quot;none&quot;,&quot;_animation_delay&quot;:400}\" data-widget_type=\"divider.default\">\n\t\t\t\t<div class=\"elementor-widget-container\">\n\t\t\t\t\t<div class=\"elementor-divider\">\n\t\t\t<span class=\"elementor-divider-separator\">\n\t\t\t\t\t\t<\/span>\n\t\t<\/div>\n\t\t\t\t<\/div>\n\t\t\t\t<\/div>\n\t\t\t\t\t<\/div>\n\t\t<\/div>\n\t\t\t\t\t<\/div>\n\t\t<\/section>\n\t\t\t\t<section class=\"elementor-section elementor-top-section elementor-element elementor-element-837caea elementor-section-height-min-height elementor-section-items-stretch elementor-section-content-middle elementor-reverse-mobile elementor-section-boxed elementor-section-height-default\" data-id=\"837caea\" data-element_type=\"section\" data-settings=\"{&quot;background_background&quot;:&quot;classic&quot;}\">\n\t\t\t\t\t\t<div class=\"elementor-container elementor-column-gap-no\">\n\t\t\t\t\t<div class=\"elementor-column elementor-col-100 elementor-top-column elementor-element elementor-element-a1a921f\" data-id=\"a1a921f\" data-element_type=\"column\" data-settings=\"{&quot;background_background&quot;:&quot;none&quot;}\">\n\t\t\t<div class=\"elementor-widget-wrap elementor-element-populated\">\n\t\t\t\t\t\t<div class=\"elementor-element elementor-element-c16999c animated-slow elementor-widget elementor-widget-heading\" data-id=\"c16999c\" data-element_type=\"widget\" data-settings=\"{&quot;_animation&quot;:&quot;none&quot;,&quot;_animation_mobile&quot;:&quot;none&quot;}\" data-widget_type=\"heading.default\">\n\t\t\t\t<div class=\"elementor-widget-container\">\n\t\t\t<h3 class=\"elementor-heading-title elementor-size-default\">F\/Bb Double Horn<\/h3>\t\t<\/div>\n\t\t\t\t<\/div>\n\t\t\t\t<div class=\"elementor-element elementor-element-994b3bf animated-slow elementor-widget-divider--view-line elementor-widget elementor-widget-divider\" data-id=\"994b3bf\" data-element_type=\"widget\" data-settings=\"{&quot;_animation&quot;:&quot;none&quot;,&quot;_animation_delay&quot;:200,&quot;_animation_mobile&quot;:&quot;none&quot;}\" data-widget_type=\"divider.default\">\n\t\t\t\t<div class=\"elementor-widget-container\">\n\t\t\t\t\t<div class=\"elementor-divider\">\n\t\t\t<span class=\"elementor-divider-separator\">\n\t\t\t\t\t\t<\/span>\n\t\t<\/div>\n\t\t\t\t<\/div>\n\t\t\t\t<\/div>\n\t\t\t\t<div class=\"elementor-element elementor-element-a9f55de animated-slow elementor-widget elementor-widget-text-editor\" data-id=\"a9f55de\" data-element_type=\"widget\" data-settings=\"{&quot;_animation&quot;:&quot;none&quot;,&quot;_animation_delay&quot;:400,&quot;_animation_mobile&quot;:&quot;none&quot;}\" data-widget_type=\"text-editor.default\">\n\t\t\t\t<div class=\"elementor-widget-container\">\n\t\t\t\t\t\t\t<p>Entdecken Sie unseren erstklassigen Doppelh\u00f6rner in vier verschiedenen Ausf\u00fchrungen.<\/p>\t\t\t\t\t\t<\/div>\n\t\t\t\t<\/div>\n\t\t\t\t\t<\/div>\n\t\t<\/div>\n\t\t\t\t\t<\/div>\n\t\t<\/section>\n\t\t\t\t<section class=\"elementor-section elementor-top-section elementor-element elementor-element-64d3a84a elementor-section-height-min-height elementor-section-items-stretch elementor-section-content-middle elementor-reverse-mobile elementor-section-boxed elementor-section-height-default\" data-id=\"64d3a84a\" data-element_type=\"section\" data-settings=\"{&quot;background_background&quot;:&quot;classic&quot;}\">\n\t\t\t\t\t\t<div class=\"elementor-container elementor-column-gap-no\">\n\t\t\t\t\t<div class=\"elementor-column elementor-col-25 elementor-top-column elementor-element elementor-element-6c1e39e3\" data-id=\"6c1e39e3\" data-element_type=\"column\" data-settings=\"{&quot;background_background&quot;:&quot;none&quot;}\">\n\t\t\t<div class=\"elementor-widget-wrap elementor-element-populated\">\n\t\t\t\t\t\t<div class=\"elementor-element elementor-element-b845355 elementor-widget elementor-widget-image\" data-id=\"b845355\" data-element_type=\"widget\" data-widget_type=\"image.default\">\n\t\t\t\t<div class=\"elementor-widget-container\">\n\t\t\t\t\t\t\t\t\t\t<figure class=\"wp-caption\">\n\t\t\t\t\t\t\t\t\t\t\t<a href=\"https:\/\/finkehorns.de\/en\/startseite\/produkte\/doppelhorn\/f-b-europa-volldoppelhorn\/\">\n\t\t\t\t\t\t\t<img decoding=\"async\" src=\"https:\/\/finkehorns.de\/wp-content\/uploads\/2020\/01\/ModelEuropa66doppelhorn.jpg\" title=\"Model Europa,66,doppelhorn\" alt=\"Finke Horns Doppelhorn Europa 66\" loading=\"lazy\" \/>\t\t\t\t\t\t\t\t<\/a>\n\t\t\t\t\t\t\t\t\t\t\t<figcaption class=\"widget-image-caption wp-caption-text\">Modell Europa<\/figcaption>\n\t\t\t\t\t\t\t\t\t\t<\/figure>\n\t\t\t\t\t\t\t<\/div>\n\t\t\t\t<\/div>\n\t\t\t\t\t<\/div>\n\t\t<\/div>\n\t\t\t\t<div class=\"elementor-column elementor-col-25 elementor-top-column elementor-element elementor-element-1be541d\" data-id=\"1be541d\" data-element_type=\"column\" data-settings=\"{&quot;background_background&quot;:&quot;none&quot;}\">\n\t\t\t<div class=\"elementor-widget-wrap elementor-element-populated\">\n\t\t\t\t\t\t<div class=\"elementor-element elementor-element-875ca43 elementor-widget elementor-widget-image\" data-id=\"875ca43\" data-element_type=\"widget\" data-widget_type=\"image.default\">\n\t\t\t\t<div class=\"elementor-widget-container\">\n\t\t\t\t\t\t\t\t\t\t<figure class=\"wp-caption\">\n\t\t\t\t\t\t\t\t\t\t\t<a href=\"https:\/\/finkehorns.de\/en\/startseite\/produkte\/doppelhorn\/f-b-brendan-americus-volldoppelhorn\/\">\n\t\t\t\t\t\t\t<img decoding=\"async\" src=\"https:\/\/finkehorns.de\/wp-content\/uploads\/2020\/01\/FB-doppelhorn.jpg\" title=\"FB-doppelhorn\" alt=\"Doppelhorn Finke Horns Volldoppelhorn\" loading=\"lazy\" \/>\t\t\t\t\t\t\t\t<\/a>\n\t\t\t\t\t\t\t\t\t\t\t<figcaption class=\"widget-image-caption wp-caption-text\">Modell Americus\/Brendan<\/figcaption>\n\t\t\t\t\t\t\t\t\t\t<\/figure>\n\t\t\t\t\t\t\t<\/div>\n\t\t\t\t<\/div>\n\t\t\t\t\t<\/div>\n\t\t<\/div>\n\t\t\t\t<div class=\"elementor-column elementor-col-25 elementor-top-column elementor-element elementor-element-7a7666d\" data-id=\"7a7666d\" data-element_type=\"column\" data-settings=\"{&quot;background_background&quot;:&quot;none&quot;}\">\n\t\t\t<div class=\"elementor-widget-wrap elementor-element-populated\">\n\t\t\t\t\t\t<div class=\"elementor-element elementor-element-666208d elementor-widget elementor-widget-image\" data-id=\"666208d\" data-element_type=\"widget\" data-widget_type=\"image.default\">\n\t\t\t\t<div class=\"elementor-widget-container\">\n\t\t\t\t\t\t\t\t\t\t<figure class=\"wp-caption\">\n\t\t\t\t\t\t\t\t\t\t\t<a href=\"https:\/\/finkehorns.de\/en\/startseite\/produkte\/doppelhorn\/f-b-legacy-volldoppelhorn\/\">\n\t\t\t\t\t\t\t<img decoding=\"async\" src=\"https:\/\/finkehorns.de\/wp-content\/uploads\/2020\/01\/LegacyDoppel-rotated.jpg\" title=\"LegacyDoppel\" alt=\"Legacy Doppel Finke Horns Doppelhorn\" loading=\"lazy\" \/>\t\t\t\t\t\t\t\t<\/a>\n\t\t\t\t\t\t\t\t\t\t\t<figcaption class=\"widget-image-caption wp-caption-text\">Modell Legacy<\/figcaption>\n\t\t\t\t\t\t\t\t\t\t<\/figure>\n\t\t\t\t\t\t\t<\/div>\n\t\t\t\t<\/div>\n\t\t\t\t\t<\/div>\n\t\t<\/div>\n\t\t\t\t<div class=\"elementor-column elementor-col-25 elementor-top-column elementor-element elementor-element-732ee86\" data-id=\"732ee86\" data-element_type=\"column\" data-settings=\"{&quot;background_background&quot;:&quot;none&quot;}\">\n\t\t\t<div class=\"elementor-widget-wrap elementor-element-populated\">\n\t\t\t\t\t\t<div class=\"elementor-element elementor-element-6463bcd elementor-widget elementor-widget-image\" data-id=\"6463bcd\" data-element_type=\"widget\" data-widget_type=\"image.default\">\n\t\t\t\t<div class=\"elementor-widget-container\">\n\t\t\t\t\t\t\t\t\t\t<figure class=\"wp-caption\">\n\t\t\t\t\t\t\t\t\t\t\t<a href=\"https:\/\/finkehorns.de\/en\/startseite\/produkte\/doppelhorn\/diskantdoppelhoerner\/\">\n\t\t\t\t\t\t\t<img decoding=\"async\" src=\"https:\/\/finkehorns.de\/wp-content\/uploads\/2020\/01\/B-Hoch-F-Diskantdoppel.jpg\" title=\"B-Hoch-F-Diskantdoppel\" alt=\"B Hoch F Diskantdoppel Finke Horns\" loading=\"lazy\" \/>\t\t\t\t\t\t\t\t<\/a>\n\t\t\t\t\t\t\t\t\t\t\t<figcaption class=\"widget-image-caption wp-caption-text\">Descant double horns<\/figcaption>\n\t\t\t\t\t\t\t\t\t\t<\/figure>\n\t\t\t\t\t\t\t<\/div>\n\t\t\t\t<\/div>\n\t\t\t\t\t<\/div>\n\t\t<\/div>\n\t\t\t\t\t<\/div>\n\t\t<\/section>\n\t\t\t\t<\/div>","protected":false},"excerpt":{"rendered":"<p>Doppelh\u00f6rner Unsere Doppelh\u00f6rner Entdecken Sie unseren erstklassigen Doppelh\u00f6rner in vier verschiedenen Ausf\u00fchrungen. Modell Europa Modell Americus\/Brendan Modell Legacy Diskantdoppelh\u00f6rner<\/p>","protected":false},"author":1,"featured_media":0,"parent":33,"menu_order":0,"comment_status":"closed","ping_status":"closed","template":"","meta":{"_monsterinsights_skip_tracking":false,"_monsterinsights_sitenote_active":false,"_monsterinsights_sitenote_note":"","_monsterinsights_sitenote_category":0,"footnotes":""},"yoast_head":"<!-- This site is optimized with the Yoast SEO plugin v20.13 - https:\/\/yoast.com\/wordpress\/plugins\/seo\/ -->\n<title>Doppelhorn von Finke Horns mit charakteristischem Klang<\/title>\n<meta name=\"description\" content=\"Finden Sie bei uns Ihr innovatives Doppelhorn von Finke Horns. Ein Doppelhorn das durch Klang und Handhabung \u00fcberzeugt.\" \/>\n<meta name=\"robots\" content=\"index, follow, max-snippet:-1, max-image-preview:large, max-video-preview:-1\" \/>\n<link rel=\"canonical\" href=\"https:\/\/finkehorns.de\/en\/metallblasinstrumente-von-finke-horns\/produkte\/doppelhorn\/\" \/>\n<meta property=\"og:locale\" content=\"en_US\" \/>\n<meta property=\"og:type\" content=\"article\" \/>\n<meta property=\"og:title\" content=\"Doppelhorn von Finke Horns mit charakteristischem Klang\" \/>\n<meta property=\"og:description\" content=\"Finden Sie bei uns Ihr innovatives Doppelhorn von Finke Horns. Ein Doppelhorn das durch Klang und Handhabung \u00fcberzeugt.\" \/>\n<meta property=\"og:url\" content=\"https:\/\/finkehorns.de\/en\/metallblasinstrumente-von-finke-horns\/produkte\/doppelhorn\/\" \/>\n<meta property=\"og:site_name\" content=\"finkehorns.de\" \/>\n<meta property=\"article:modified_time\" content=\"2024-09-09T11:10:21+00:00\" \/>\n<meta property=\"og:image\" content=\"http:\/\/finkehorns.de\/wp-content\/uploads\/elementor\/thumbs\/Finkehorn-logo-Finkehorns-Metallblasinstrumente-01042021-phuct7wqa2bdyfjgyb5niwl15bdifxu7nm3he27too.png\" \/>\n<meta name=\"twitter:card\" content=\"summary_large_image\" \/>\n<meta name=\"twitter:label1\" content=\"Est. reading time\" \/>\n\t<meta name=\"twitter:data1\" content=\"2 minutes\" \/>\n<script type=\"application\/ld+json\" class=\"yoast-schema-graph\">{\"@context\":\"https:\/\/schema.org\",\"@graph\":[{\"@type\":\"WebPage\",\"@id\":\"https:\/\/finkehorns.de\/metallblasinstrumente-von-finke-horns\/produkte\/doppelhorn\/\",\"url\":\"https:\/\/finkehorns.de\/metallblasinstrumente-von-finke-horns\/produkte\/doppelhorn\/\",\"name\":\"Doppelhorn von Finke Horns mit charakteristischem Klang\",\"isPartOf\":{\"@id\":\"https:\/\/finkehorns.de\/#website\"},\"datePublished\":\"2020-01-17T13:48:44+00:00\",\"dateModified\":\"2024-09-09T11:10:21+00:00\",\"description\":\"Finden Sie bei uns Ihr innovatives Doppelhorn von Finke Horns. Ein Doppelhorn das durch Klang und Handhabung \u00fcberzeugt.\",\"breadcrumb\":{\"@id\":\"https:\/\/finkehorns.de\/metallblasinstrumente-von-finke-horns\/produkte\/doppelhorn\/#breadcrumb\"},\"inLanguage\":\"en-US\",\"potentialAction\":[{\"@type\":\"ReadAction\",\"target\":[\"https:\/\/finkehorns.de\/metallblasinstrumente-von-finke-horns\/produkte\/doppelhorn\/\"]}]},{\"@type\":\"BreadcrumbList\",\"@id\":\"https:\/\/finkehorns.de\/metallblasinstrumente-von-finke-horns\/produkte\/doppelhorn\/#breadcrumb\",\"itemListElement\":[{\"@type\":\"ListItem\",\"position\":1,\"name\":\"Startseite\",\"item\":\"https:\/\/finkehorns.de\/\"},{\"@type\":\"ListItem\",\"position\":2,\"name\":\"Startseite\",\"item\":\"https:\/\/finkehorns.de\/\"},{\"@type\":\"ListItem\",\"position\":3,\"name\":\"Produkte\",\"item\":\"https:\/\/finkehorns.de\/metallblasinstrumente-von-finke-horns\/produkte\/\"},{\"@type\":\"ListItem\",\"position\":4,\"name\":\"Doppelh\u00f6rner\"}]},{\"@type\":\"WebSite\",\"@id\":\"https:\/\/finkehorns.de\/#website\",\"url\":\"https:\/\/finkehorns.de\/\",\"name\":\"finkehorns.de\",\"description\":\"Tradition with Progress\",\"publisher\":{\"@id\":\"https:\/\/finkehorns.de\/#organization\"},\"potentialAction\":[{\"@type\":\"SearchAction\",\"target\":{\"@type\":\"EntryPoint\",\"urlTemplate\":\"https:\/\/finkehorns.de\/?s={search_term_string}\"},\"query-input\":\"required name=search_term_string\"}],\"inLanguage\":\"en-US\"},{\"@type\":\"Organization\",\"@id\":\"https:\/\/finkehorns.de\/#organization\",\"name\":\"finkehorns.de\",\"url\":\"https:\/\/finkehorns.de\/\",\"logo\":{\"@type\":\"ImageObject\",\"inLanguage\":\"en-US\",\"@id\":\"https:\/\/finkehorns.de\/#\/schema\/logo\/image\/\",\"url\":\"https:\/\/finkehorns.de\/wp-content\/uploads\/2021\/04\/Finkehorn-logo-Finkehorns-Metallblasinstrumente-01042021.png\",\"contentUrl\":\"https:\/\/finkehorns.de\/wp-content\/uploads\/2021\/04\/Finkehorn-logo-Finkehorns-Metallblasinstrumente-01042021.png\",\"width\":4000,\"height\":4000,\"caption\":\"finkehorns.de\"},\"image\":{\"@id\":\"https:\/\/finkehorns.de\/#\/schema\/logo\/image\/\"}}]}<\/script>\n<!-- \/ Yoast SEO plugin. -->","yoast_head_json":{"title":"Doppelhorn von Finke Horns mit charakteristischem Klang","description":"Finden Sie bei uns Ihr innovatives Doppelhorn von Finke Horns. Ein Doppelhorn das durch Klang und Handhabung \u00fcberzeugt.","robots":{"index":"index","follow":"follow","max-snippet":"max-snippet:-1","max-image-preview":"max-image-preview:large","max-video-preview":"max-video-preview:-1"},"canonical":"https:\/\/finkehorns.de\/en\/metallblasinstrumente-von-finke-horns\/produkte\/doppelhorn\/","og_locale":"en_US","og_type":"article","og_title":"Doppelhorn von Finke Horns mit charakteristischem Klang","og_description":"Finden Sie bei uns Ihr innovatives Doppelhorn von Finke Horns. Ein Doppelhorn das durch Klang und Handhabung \u00fcberzeugt.","og_url":"https:\/\/finkehorns.de\/en\/metallblasinstrumente-von-finke-horns\/produkte\/doppelhorn\/","og_site_name":"finkehorns.de","article_modified_time":"2024-09-09T11:10:21+00:00","og_image":[{"url":"http:\/\/finkehorns.de\/wp-content\/uploads\/elementor\/thumbs\/Finkehorn-logo-Finkehorns-Metallblasinstrumente-01042021-phuct7wqa2bdyfjgyb5niwl15bdifxu7nm3he27too.png"}],"twitter_card":"summary_large_image","twitter_misc":{"Est. reading time":"2 minutes"},"schema":{"@context":"https:\/\/schema.org","@graph":[{"@type":"WebPage","@id":"https:\/\/finkehorns.de\/metallblasinstrumente-von-finke-horns\/produkte\/doppelhorn\/","url":"https:\/\/finkehorns.de\/metallblasinstrumente-von-finke-horns\/produkte\/doppelhorn\/","name":"Doppelhorn von Finke Horns mit charakteristischem Klang","isPartOf":{"@id":"https:\/\/finkehorns.de\/#website"},"datePublished":"2020-01-17T13:48:44+00:00","dateModified":"2024-09-09T11:10:21+00:00","description":"Finden Sie bei uns Ihr innovatives Doppelhorn von Finke Horns. Ein Doppelhorn das durch Klang und Handhabung \u00fcberzeugt.","breadcrumb":{"@id":"https:\/\/finkehorns.de\/metallblasinstrumente-von-finke-horns\/produkte\/doppelhorn\/#breadcrumb"},"inLanguage":"en-US","potentialAction":[{"@type":"ReadAction","target":["https:\/\/finkehorns.de\/metallblasinstrumente-von-finke-horns\/produkte\/doppelhorn\/"]}]},{"@type":"BreadcrumbList","@id":"https:\/\/finkehorns.de\/metallblasinstrumente-von-finke-horns\/produkte\/doppelhorn\/#breadcrumb","itemListElement":[{"@type":"ListItem","position":1,"name":"Startseite","item":"https:\/\/finkehorns.de\/"},{"@type":"ListItem","position":2,"name":"Startseite","item":"https:\/\/finkehorns.de\/"},{"@type":"ListItem","position":3,"name":"Produkte","item":"https:\/\/finkehorns.de\/metallblasinstrumente-von-finke-horns\/produkte\/"},{"@type":"ListItem","position":4,"name":"Doppelh\u00f6rner"}]},{"@type":"WebSite","@id":"https:\/\/finkehorns.de\/#website","url":"https:\/\/finkehorns.de\/","name":"finkehorns.de","description":"Tradition with Progress","publisher":{"@id":"https:\/\/finkehorns.de\/#organization"},"potentialAction":[{"@type":"SearchAction","target":{"@type":"EntryPoint","urlTemplate":"https:\/\/finkehorns.de\/?s={search_term_string}"},"query-input":"required name=search_term_string"}],"inLanguage":"en-US"},{"@type":"Organization","@id":"https:\/\/finkehorns.de\/#organization","name":"finkehorns.de","url":"https:\/\/finkehorns.de\/","logo":{"@type":"ImageObject","inLanguage":"en-US","@id":"https:\/\/finkehorns.de\/#\/schema\/logo\/image\/","url":"https:\/\/finkehorns.de\/wp-content\/uploads\/2021\/04\/Finkehorn-logo-Finkehorns-Metallblasinstrumente-01042021.png","contentUrl":"https:\/\/finkehorns.de\/wp-content\/uploads\/2021\/04\/Finkehorn-logo-Finkehorns-Metallblasinstrumente-01042021.png","width":4000,"height":4000,"caption":"finkehorns.de"},"image":{"@id":"https:\/\/finkehorns.de\/#\/schema\/logo\/image\/"}}]}},"_links":{"self":[{"href":"https:\/\/finkehorns.de\/en\/wp-json\/wp\/v2\/pages\/11"}],"collection":[{"href":"https:\/\/finkehorns.de\/en\/wp-json\/wp\/v2\/pages"}],"about":[{"href":"https:\/\/finkehorns.de\/en\/wp-json\/wp\/v2\/types\/page"}],"author":[{"embeddable":true,"href":"https:\/\/finkehorns.de\/en\/wp-json\/wp\/v2\/users\/1"}],"replies":[{"embeddable":true,"href":"https:\/\/finkehorns.de\/en\/wp-json\/wp\/v2\/comments?post=11"}],"version-history":[{"count":10,"href":"https:\/\/finkehorns.de\/en\/wp-json\/wp\/v2\/pages\/11\/revisions"}],"predecessor-version":[{"id":7223,"href":"https:\/\/finkehorns.de\/en\/wp-json\/wp\/v2\/pages\/11\/revisions\/7223"}],"up":[{"embeddable":true,"href":"https:\/\/finkehorns.de\/en\/wp-json\/wp\/v2\/pages\/33"}],"wp:attachment":[{"href":"https:\/\/finkehorns.de\/en\/wp-json\/wp\/v2\/media?parent=11"}],"curies":[{"name":"wp","href":"https:\/\/api.w.org\/{rel}","templated":true}]}}